{"id":997,"date":"2024-04-18T11:50:27","date_gmt":"2024-04-18T14:50:27","guid":{"rendered":"https:\/\/www.inaweb.com.br\/velar-novo\/?page_id=997"},"modified":"2024-09-11T16:52:15","modified_gmt":"2024-09-11T19:52:15","slug":"clinica-de-preparacao","status":"publish","type":"page","link":"https:\/\/projetos.inaweb.com.br\/modelo-velar\/nossos-servicos\/clinica-de-preparacao\/","title":{"rendered":"Cl\u00ednica de Prepara\u00e7\u00e3o"},"content":{"rendered":"\t\t<div data-elementor-type=\"wp-page\" data-elementor-id=\"997\" class=\"elementor elementor-997\" data-elementor-post-type=\"page\">\n\t\t\t\t<div class=\"elementor-element elementor-element-1abe080 e-flex e-con-boxed e-con e-parent\" data-id=\"1abe080\" data-element_type=\"container\" data-settings=\"{&quot;background_background&quot;:&quot;classic&quot;}\">\n\t\t\t\t\t<div class=\"e-con-inner\">\n\t\t<div class=\"elementor-element elementor-element-c2851bb e-con-full e-flex e-con e-child\" data-id=\"c2851bb\" data-element_type=\"container\" data-settings=\"{&quot;background_background&quot;:&quot;classic&quot;}\">\n\t\t\t\t<div class=\"elementor-element elementor-element-e417f88 elementor-widget elementor-widget-heading\" data-id=\"e417f88\" data-element_type=\"widget\" data-widget_type=\"heading.default\">\n\t\t\t\t<div class=\"elementor-widget-container\">\n\t\t\t\t\t<h2 class=\"elementor-heading-title elementor-size-default\">Cl\u00ednica de Prepara\u00e7\u00e3o<\/h2>\t\t\t\t<\/div>\n\t\t\t\t<\/div>\n\t\t\t\t<\/div>\n\t\t\t\t\t<\/div>\n\t\t\t\t<\/div>\n\t\t<div class=\"elementor-element elementor-element-e088761 e-flex e-con-boxed e-con e-parent\" data-id=\"e088761\" data-element_type=\"container\">\n\t\t\t\t\t<div class=\"e-con-inner\">\n\t\t<div class=\"elementor-element elementor-element-05c5d5e e-flex e-con-boxed e-con e-child\" data-id=\"05c5d5e\" data-element_type=\"container\">\n\t\t\t\t\t<div class=\"e-con-inner\">\n\t\t\t\t<div class=\"elementor-element elementor-element-74bcdf7 elementor-widget-divider--view-line elementor-widget elementor-widget-divider\" data-id=\"74bcdf7\" data-element_type=\"widget\" data-widget_type=\"divider.default\">\n\t\t\t\t<div class=\"elementor-widget-container\">\n\t\t\t\t\t\t\t<div class=\"elementor-divider\">\n\t\t\t<span class=\"elementor-divider-separator\">\n\t\t\t\t\t\t<\/span>\n\t\t<\/div>\n\t\t\t\t\t\t<\/div>\n\t\t\t\t<\/div>\n\t\t\t\t<div class=\"elementor-element elementor-element-0e64e1e elementor-widget-divider--view-line elementor-widget elementor-widget-divider\" data-id=\"0e64e1e\" data-element_type=\"widget\" data-widget_type=\"divider.default\">\n\t\t\t\t<div class=\"elementor-widget-container\">\n\t\t\t\t\t\t\t<div class=\"elementor-divider\">\n\t\t\t<span class=\"elementor-divider-separator\">\n\t\t\t\t\t\t<\/span>\n\t\t<\/div>\n\t\t\t\t\t\t<\/div>\n\t\t\t\t<\/div>\n\t\t\t\t\t<\/div>\n\t\t\t\t<\/div>\n\t\t\t\t\t<\/div>\n\t\t\t\t<\/div>\n\t\t<div class=\"elementor-element elementor-element-e400acb e-flex e-con-boxed e-con e-parent\" data-id=\"e400acb\" data-element_type=\"container\">\n\t\t\t\t\t<div class=\"e-con-inner\">\n\t\t<div class=\"elementor-element elementor-element-19745c7 e-con-full e-flex e-con e-child\" data-id=\"19745c7\" data-element_type=\"container\">\n\t\t\t\t<div class=\"elementor-element elementor-element-fedd54b elementor-widget elementor-widget-text-editor\" data-id=\"fedd54b\" data-element_type=\"widget\" data-widget_type=\"text-editor.default\">\n\t\t\t\t<div class=\"elementor-widget-container\">\n\t\t\t\t\t\t\t\t\tA <strong>Velar S\u00e3o Paulo<\/strong> possui uma Cl\u00ednica de Prepara\u00e7\u00e3o que se destaca pelo cuidado humanizado e pela excel\u00eancia em servi\u00e7os funer\u00e1rios. Nossa equipe de especialistas est\u00e1 comprometida em preparar o falecido com a m\u00e1xima aten\u00e7\u00e3o aos detalhes, respeitando os rituais e tradi\u00e7\u00f5es de cada fam\u00edlia.\n\nNossa cl\u00ednica oferece um ambiente acolhedor e respeitoso, onde cada procedimento \u00e9 realizado com delicadeza e respeito. Utilizamos t\u00e9cnicas avan\u00e7adas de prepara\u00e7\u00e3o e conserva\u00e7\u00e3o, assegurando que o falecido seja homenageado de maneira digna e adequada \u00e0s expectativas da fam\u00edlia.\n\nNa <strong>Velar S\u00e3o Paulo<\/strong>, a Cl\u00ednica de Prepara\u00e7\u00e3o \u00e9 um espa\u00e7o de serenidade e respeito. Estamos aqui para cuidar de todos os aspectos da prepara\u00e7\u00e3o, permitindo que a fam\u00edlia se concentre no que realmente importa: honrar a vida e o legado de quem partiu.\t\t\t\t\t\t\t\t<\/div>\n\t\t\t\t<\/div>\n\t\t\t\t<\/div>\n\t\t<div class=\"elementor-element elementor-element-69becb1 e-con-full detalhe-imagem e-flex e-con e-child\" data-id=\"69becb1\" data-element_type=\"container\">\n\t\t\t\t<div class=\"elementor-element elementor-element-be660cb elementor-widget elementor-widget-image\" data-id=\"be660cb\" data-element_type=\"widget\" data-widget_type=\"image.default\">\n\t\t\t\t<div class=\"elementor-widget-container\">\n\t\t\t\t\t\t\t\t\t\t\t\t\t\t\t<img fetchpriority=\"high\" decoding=\"async\" width=\"410\" height=\"520\" src=\"https:\/\/projetos.inaweb.com.br\/modelo-velar\/wp-content\/uploads\/2024\/05\/velar-sao-paulo-clinica-de-preparacao-velar-funeraria-sp-servicos-funerarios.jpg\" class=\"attachment-full size-full wp-image-1523\" alt=\"\" srcset=\"https:\/\/projetos.inaweb.com.br\/modelo-velar\/wp-content\/uploads\/2024\/05\/velar-sao-paulo-clinica-de-preparacao-velar-funeraria-sp-servicos-funerarios.jpg 410w, https:\/\/projetos.inaweb.com.br\/modelo-velar\/wp-content\/uploads\/2024\/05\/velar-sao-paulo-clinica-de-preparacao-velar-funeraria-sp-servicos-funerarios-237x300.jpg 237w\" sizes=\"(max-width: 410px) 100vw, 410px\" \/>\t\t\t\t\t\t\t\t\t\t\t\t\t\t\t<\/div>\n\t\t\t\t<\/div>\n\t\t\t\t<\/div>\n\t\t\t\t\t<\/div>\n\t\t\t\t<\/div>\n\t\t\t\t<\/div>\n\t\t","protected":false},"excerpt":{"rendered":"<p>Cl\u00ednica de Prepara\u00e7\u00e3o A Velar S\u00e3o Paulo possui uma Cl\u00ednica de Prepara\u00e7\u00e3o que se destaca pelo cuidado humanizado e pela excel\u00eancia em servi\u00e7os funer\u00e1rios. Nossa equipe de especialistas est\u00e1 comprometida em preparar o falecido com a m\u00e1xima aten\u00e7\u00e3o aos detalhes, respeitando os rituais e tradi\u00e7\u00f5es de cada fam\u00edlia. Nossa cl\u00ednica oferece um ambiente acolhedor e [&hellip;]<\/p>\n","protected":false},"author":1,"featured_media":0,"parent":906,"menu_order":0,"comment_status":"closed","ping_status":"closed","template":"elementor_header_footer","meta":{"footnotes":""},"class_list":["post-997","page","type-page","status-publish","hentry"],"yoast_head":"<!-- This site is optimized with the Yoast SEO plugin v26.5 - https:\/\/yoast.com\/wordpress\/plugins\/seo\/ -->\n<title>Cl\u00ednica de Prepara\u00e7\u00e3o<\/title>\n<meta name=\"description\" content=\"Cl\u00ednica de Prepara\u00e7\u00e3o - Possu\u00edmos uma cl\u00ednica pr\u00f3pria com padr\u00f5es globais de cuidado, prepara\u00e7\u00e3o e respeito ao corpo do ente amado.\" \/>\n<meta name=\"robots\" content=\"noindex, follow, max-snippet:-1, max-image-preview:large, max-video-preview:-1\" \/>\n<meta property=\"og:locale\" content=\"pt_BR\" \/>\n<meta property=\"og:type\" content=\"article\" \/>\n<meta property=\"og:title\" content=\"Cl\u00ednica de Prepara\u00e7\u00e3o\" \/>\n<meta property=\"og:description\" content=\"Cl\u00ednica de Prepara\u00e7\u00e3o - Possu\u00edmos uma cl\u00ednica pr\u00f3pria com padr\u00f5es globais de cuidado, prepara\u00e7\u00e3o e respeito ao corpo do ente amado.\" \/>\n<meta property=\"og:url\" content=\"https:\/\/projetos.inaweb.com.br\/modelo-velar\/nossos-servicos\/clinica-de-preparacao\/\" \/>\n<meta property=\"og:site_name\" content=\"Velar\" \/>\n<meta property=\"article:modified_time\" content=\"2024-09-11T19:52:15+00:00\" \/>\n<meta property=\"og:image\" content=\"https:\/\/projetos.inaweb.com.br\/modelo-velar\/wp-content\/uploads\/2024\/05\/velar-sao-paulo-clinica-de-preparacao-velar-funeraria-sp-servicos-funerarios.jpg\" \/>\n<meta name=\"twitter:card\" content=\"summary_large_image\" \/>\n<meta name=\"twitter:label1\" content=\"Est. tempo de leitura\" \/>\n\t<meta name=\"twitter:data1\" content=\"1 minuto\" \/>\n<script type=\"application\/ld+json\" class=\"yoast-schema-graph\">{\"@context\":\"https:\/\/schema.org\",\"@graph\":[{\"@type\":\"WebPage\",\"@id\":\"https:\/\/projetos.inaweb.com.br\/modelo-velar\/nossos-servicos\/clinica-de-preparacao\/\",\"url\":\"https:\/\/projetos.inaweb.com.br\/modelo-velar\/nossos-servicos\/clinica-de-preparacao\/\",\"name\":\"Cl\u00ednica de Prepara\u00e7\u00e3o\",\"isPartOf\":{\"@id\":\"https:\/\/projetos.inaweb.com.br\/modelo-velar\/#website\"},\"primaryImageOfPage\":{\"@id\":\"https:\/\/projetos.inaweb.com.br\/modelo-velar\/nossos-servicos\/clinica-de-preparacao\/#primaryimage\"},\"image\":{\"@id\":\"https:\/\/projetos.inaweb.com.br\/modelo-velar\/nossos-servicos\/clinica-de-preparacao\/#primaryimage\"},\"thumbnailUrl\":\"https:\/\/projetos.inaweb.com.br\/modelo-velar\/wp-content\/uploads\/2024\/05\/velar-sao-paulo-clinica-de-preparacao-velar-funeraria-sp-servicos-funerarios.jpg\",\"datePublished\":\"2024-04-18T14:50:27+00:00\",\"dateModified\":\"2024-09-11T19:52:15+00:00\",\"description\":\"Cl\u00ednica de Prepara\u00e7\u00e3o - Possu\u00edmos uma cl\u00ednica pr\u00f3pria com padr\u00f5es globais de cuidado, prepara\u00e7\u00e3o e respeito ao corpo do ente amado.\",\"breadcrumb\":{\"@id\":\"https:\/\/projetos.inaweb.com.br\/modelo-velar\/nossos-servicos\/clinica-de-preparacao\/#breadcrumb\"},\"inLanguage\":\"pt-BR\",\"potentialAction\":[{\"@type\":\"ReadAction\",\"target\":[\"https:\/\/projetos.inaweb.com.br\/modelo-velar\/nossos-servicos\/clinica-de-preparacao\/\"]}]},{\"@type\":\"ImageObject\",\"inLanguage\":\"pt-BR\",\"@id\":\"https:\/\/projetos.inaweb.com.br\/modelo-velar\/nossos-servicos\/clinica-de-preparacao\/#primaryimage\",\"url\":\"https:\/\/projetos.inaweb.com.br\/modelo-velar\/wp-content\/uploads\/2024\/05\/velar-sao-paulo-clinica-de-preparacao-velar-funeraria-sp-servicos-funerarios.jpg\",\"contentUrl\":\"https:\/\/projetos.inaweb.com.br\/modelo-velar\/wp-content\/uploads\/2024\/05\/velar-sao-paulo-clinica-de-preparacao-velar-funeraria-sp-servicos-funerarios.jpg\",\"width\":410,\"height\":520},{\"@type\":\"BreadcrumbList\",\"@id\":\"https:\/\/projetos.inaweb.com.br\/modelo-velar\/nossos-servicos\/clinica-de-preparacao\/#breadcrumb\",\"itemListElement\":[{\"@type\":\"ListItem\",\"position\":1,\"name\":\"In\u00edcio\",\"item\":\"https:\/\/projetos.inaweb.com.br\/modelo-velar\/\"},{\"@type\":\"ListItem\",\"position\":2,\"name\":\"Nossos Servi\u00e7os\",\"item\":\"https:\/\/projetos.inaweb.com.br\/modelo-velar\/nossos-servicos\/\"},{\"@type\":\"ListItem\",\"position\":3,\"name\":\"Cl\u00ednica de Prepara\u00e7\u00e3o\"}]},{\"@type\":\"WebSite\",\"@id\":\"https:\/\/projetos.inaweb.com.br\/modelo-velar\/#website\",\"url\":\"https:\/\/projetos.inaweb.com.br\/modelo-velar\/\",\"name\":\"Velar\",\"description\":\"\",\"potentialAction\":[{\"@type\":\"SearchAction\",\"target\":{\"@type\":\"EntryPoint\",\"urlTemplate\":\"https:\/\/projetos.inaweb.com.br\/modelo-velar\/?s={search_term_string}\"},\"query-input\":{\"@type\":\"PropertyValueSpecification\",\"valueRequired\":true,\"valueName\":\"search_term_string\"}}],\"inLanguage\":\"pt-BR\"}]}<\/script>\n<!-- \/ Yoast SEO plugin. -->","yoast_head_json":{"title":"Cl\u00ednica de Prepara\u00e7\u00e3o","description":"Cl\u00ednica de Prepara\u00e7\u00e3o - Possu\u00edmos uma cl\u00ednica pr\u00f3pria com padr\u00f5es globais de cuidado, prepara\u00e7\u00e3o e respeito ao corpo do ente amado.","robots":{"index":"noindex","follow":"follow","max-snippet":"max-snippet:-1","max-image-preview":"max-image-preview:large","max-video-preview":"max-video-preview:-1"},"og_locale":"pt_BR","og_type":"article","og_title":"Cl\u00ednica de Prepara\u00e7\u00e3o","og_description":"Cl\u00ednica de Prepara\u00e7\u00e3o - Possu\u00edmos uma cl\u00ednica pr\u00f3pria com padr\u00f5es globais de cuidado, prepara\u00e7\u00e3o e respeito ao corpo do ente amado.","og_url":"https:\/\/projetos.inaweb.com.br\/modelo-velar\/nossos-servicos\/clinica-de-preparacao\/","og_site_name":"Velar","article_modified_time":"2024-09-11T19:52:15+00:00","og_image":[{"url":"https:\/\/projetos.inaweb.com.br\/modelo-velar\/wp-content\/uploads\/2024\/05\/velar-sao-paulo-clinica-de-preparacao-velar-funeraria-sp-servicos-funerarios.jpg","type":"","width":"","height":""}],"twitter_card":"summary_large_image","twitter_misc":{"Est. tempo de leitura":"1 minuto"},"schema":{"@context":"https:\/\/schema.org","@graph":[{"@type":"WebPage","@id":"https:\/\/projetos.inaweb.com.br\/modelo-velar\/nossos-servicos\/clinica-de-preparacao\/","url":"https:\/\/projetos.inaweb.com.br\/modelo-velar\/nossos-servicos\/clinica-de-preparacao\/","name":"Cl\u00ednica de Prepara\u00e7\u00e3o","isPartOf":{"@id":"https:\/\/projetos.inaweb.com.br\/modelo-velar\/#website"},"primaryImageOfPage":{"@id":"https:\/\/projetos.inaweb.com.br\/modelo-velar\/nossos-servicos\/clinica-de-preparacao\/#primaryimage"},"image":{"@id":"https:\/\/projetos.inaweb.com.br\/modelo-velar\/nossos-servicos\/clinica-de-preparacao\/#primaryimage"},"thumbnailUrl":"https:\/\/projetos.inaweb.com.br\/modelo-velar\/wp-content\/uploads\/2024\/05\/velar-sao-paulo-clinica-de-preparacao-velar-funeraria-sp-servicos-funerarios.jpg","datePublished":"2024-04-18T14:50:27+00:00","dateModified":"2024-09-11T19:52:15+00:00","description":"Cl\u00ednica de Prepara\u00e7\u00e3o - Possu\u00edmos uma cl\u00ednica pr\u00f3pria com padr\u00f5es globais de cuidado, prepara\u00e7\u00e3o e respeito ao corpo do ente amado.","breadcrumb":{"@id":"https:\/\/projetos.inaweb.com.br\/modelo-velar\/nossos-servicos\/clinica-de-preparacao\/#breadcrumb"},"inLanguage":"pt-BR","potentialAction":[{"@type":"ReadAction","target":["https:\/\/projetos.inaweb.com.br\/modelo-velar\/nossos-servicos\/clinica-de-preparacao\/"]}]},{"@type":"ImageObject","inLanguage":"pt-BR","@id":"https:\/\/projetos.inaweb.com.br\/modelo-velar\/nossos-servicos\/clinica-de-preparacao\/#primaryimage","url":"https:\/\/projetos.inaweb.com.br\/modelo-velar\/wp-content\/uploads\/2024\/05\/velar-sao-paulo-clinica-de-preparacao-velar-funeraria-sp-servicos-funerarios.jpg","contentUrl":"https:\/\/projetos.inaweb.com.br\/modelo-velar\/wp-content\/uploads\/2024\/05\/velar-sao-paulo-clinica-de-preparacao-velar-funeraria-sp-servicos-funerarios.jpg","width":410,"height":520},{"@type":"BreadcrumbList","@id":"https:\/\/projetos.inaweb.com.br\/modelo-velar\/nossos-servicos\/clinica-de-preparacao\/#breadcrumb","itemListElement":[{"@type":"ListItem","position":1,"name":"In\u00edcio","item":"https:\/\/projetos.inaweb.com.br\/modelo-velar\/"},{"@type":"ListItem","position":2,"name":"Nossos Servi\u00e7os","item":"https:\/\/projetos.inaweb.com.br\/modelo-velar\/nossos-servicos\/"},{"@type":"ListItem","position":3,"name":"Cl\u00ednica de Prepara\u00e7\u00e3o"}]},{"@type":"WebSite","@id":"https:\/\/projetos.inaweb.com.br\/modelo-velar\/#website","url":"https:\/\/projetos.inaweb.com.br\/modelo-velar\/","name":"Velar","description":"","potentialAction":[{"@type":"SearchAction","target":{"@type":"EntryPoint","urlTemplate":"https:\/\/projetos.inaweb.com.br\/modelo-velar\/?s={search_term_string}"},"query-input":{"@type":"PropertyValueSpecification","valueRequired":true,"valueName":"search_term_string"}}],"inLanguage":"pt-BR"}]}},"_links":{"self":[{"href":"https:\/\/projetos.inaweb.com.br\/modelo-velar\/wp-json\/wp\/v2\/pages\/997","targetHints":{"allow":["GET"]}}],"collection":[{"href":"https:\/\/projetos.inaweb.com.br\/modelo-velar\/wp-json\/wp\/v2\/pages"}],"about":[{"href":"https:\/\/projetos.inaweb.com.br\/modelo-velar\/wp-json\/wp\/v2\/types\/page"}],"author":[{"embeddable":true,"href":"https:\/\/projetos.inaweb.com.br\/modelo-velar\/wp-json\/wp\/v2\/users\/1"}],"replies":[{"embeddable":true,"href":"https:\/\/projetos.inaweb.com.br\/modelo-velar\/wp-json\/wp\/v2\/comments?post=997"}],"version-history":[{"count":31,"href":"https:\/\/projetos.inaweb.com.br\/modelo-velar\/wp-json\/wp\/v2\/pages\/997\/revisions"}],"predecessor-version":[{"id":1598,"href":"https:\/\/projetos.inaweb.com.br\/modelo-velar\/wp-json\/wp\/v2\/pages\/997\/revisions\/1598"}],"up":[{"embeddable":true,"href":"https:\/\/projetos.inaweb.com.br\/modelo-velar\/wp-json\/wp\/v2\/pages\/906"}],"wp:attachment":[{"href":"https:\/\/projetos.inaweb.com.br\/modelo-velar\/wp-json\/wp\/v2\/media?parent=997"}],"curies":[{"name":"wp","href":"https:\/\/api.w.org\/{rel}","templated":true}]}}