{"id":995,"date":"2024-04-18T11:43:35","date_gmt":"2024-04-18T14:43:35","guid":{"rendered":"https:\/\/www.inaweb.com.br\/velar-novo\/?page_id=995"},"modified":"2024-09-11T16:51:54","modified_gmt":"2024-09-11T19:51:54","slug":"cremacao","status":"publish","type":"page","link":"https:\/\/projetos.inaweb.com.br\/modelo-velar\/nossos-servicos\/cremacao\/","title":{"rendered":"Crema\u00e7\u00e3o"},"content":{"rendered":"\t\t<div data-elementor-type=\"wp-page\" data-elementor-id=\"995\" class=\"elementor elementor-995\" data-elementor-post-type=\"page\">\n\t\t\t\t<div class=\"elementor-element elementor-element-1abe080 e-flex e-con-boxed e-con e-parent\" data-id=\"1abe080\" data-element_type=\"container\" data-settings=\"{&quot;background_background&quot;:&quot;classic&quot;}\">\n\t\t\t\t\t<div class=\"e-con-inner\">\n\t\t<div class=\"elementor-element elementor-element-c2851bb e-con-full e-flex e-con e-child\" data-id=\"c2851bb\" data-element_type=\"container\" data-settings=\"{&quot;background_background&quot;:&quot;classic&quot;}\">\n\t\t\t\t<div class=\"elementor-element elementor-element-e417f88 elementor-widget elementor-widget-heading\" data-id=\"e417f88\" data-element_type=\"widget\" data-widget_type=\"heading.default\">\n\t\t\t\t<div class=\"elementor-widget-container\">\n\t\t\t\t\t<h2 class=\"elementor-heading-title elementor-size-default\">Crema\u00e7\u00e3o<\/h2>\t\t\t\t<\/div>\n\t\t\t\t<\/div>\n\t\t\t\t<\/div>\n\t\t\t\t\t<\/div>\n\t\t\t\t<\/div>\n\t\t<div class=\"elementor-element elementor-element-e088761 e-flex e-con-boxed e-con e-parent\" data-id=\"e088761\" data-element_type=\"container\">\n\t\t\t\t\t<div class=\"e-con-inner\">\n\t\t<div class=\"elementor-element elementor-element-05c5d5e e-flex e-con-boxed e-con e-child\" data-id=\"05c5d5e\" data-element_type=\"container\">\n\t\t\t\t\t<div class=\"e-con-inner\">\n\t\t\t\t<div class=\"elementor-element elementor-element-74bcdf7 elementor-widget-divider--view-line elementor-widget elementor-widget-divider\" data-id=\"74bcdf7\" data-element_type=\"widget\" data-widget_type=\"divider.default\">\n\t\t\t\t<div class=\"elementor-widget-container\">\n\t\t\t\t\t\t\t<div class=\"elementor-divider\">\n\t\t\t<span class=\"elementor-divider-separator\">\n\t\t\t\t\t\t<\/span>\n\t\t<\/div>\n\t\t\t\t\t\t<\/div>\n\t\t\t\t<\/div>\n\t\t\t\t<div class=\"elementor-element elementor-element-0e64e1e elementor-widget-divider--view-line elementor-widget elementor-widget-divider\" data-id=\"0e64e1e\" data-element_type=\"widget\" data-widget_type=\"divider.default\">\n\t\t\t\t<div class=\"elementor-widget-container\">\n\t\t\t\t\t\t\t<div class=\"elementor-divider\">\n\t\t\t<span class=\"elementor-divider-separator\">\n\t\t\t\t\t\t<\/span>\n\t\t<\/div>\n\t\t\t\t\t\t<\/div>\n\t\t\t\t<\/div>\n\t\t\t\t\t<\/div>\n\t\t\t\t<\/div>\n\t\t\t\t\t<\/div>\n\t\t\t\t<\/div>\n\t\t<div class=\"elementor-element elementor-element-e400acb e-flex e-con-boxed e-con e-parent\" data-id=\"e400acb\" data-element_type=\"container\">\n\t\t\t\t\t<div class=\"e-con-inner\">\n\t\t<div class=\"elementor-element elementor-element-19745c7 e-con-full e-flex e-con e-child\" data-id=\"19745c7\" data-element_type=\"container\">\n\t\t\t\t<div class=\"elementor-element elementor-element-fedd54b elementor-widget elementor-widget-text-editor\" data-id=\"fedd54b\" data-element_type=\"widget\" data-widget_type=\"text-editor.default\">\n\t\t\t\t<div class=\"elementor-widget-container\">\n\t\t\t\t\t\t\t\t\t<p><strong>Compreendemos a sua dor<\/strong><\/p><p><strong>H\u00e1 anos, somos refer\u00eancia em qualidade e primor no setor funer\u00e1rio.<\/strong><\/p><p><strong>Nosso time se encarrega de toda a papelada e na marca\u00e7\u00e3o de hor\u00e1rios para vel\u00f3rios, enterros ou crema\u00e7\u00f5es.<\/strong><\/p>\t\t\t\t\t\t\t\t<\/div>\n\t\t\t\t<\/div>\n\t\t\t\t<div class=\"elementor-element elementor-element-257bee3 elementor-widget elementor-widget-text-editor\" data-id=\"257bee3\" data-element_type=\"widget\" data-widget_type=\"text-editor.default\">\n\t\t\t\t<div class=\"elementor-widget-container\">\n\t\t\t\t\t\t\t\t\tA <strong>Velar S\u00e3o Paulo<\/strong> reconhece a import\u00e2ncia de um servi\u00e7o de crema\u00e7\u00e3o que respeite as \u00faltimas vontades do falecido. Nosso compromisso \u00e9 com a presta\u00e7\u00e3o de um servi\u00e7o atencioso e minucioso, que atenda \u00e0s expectativas da fam\u00edlia neste momento delicado.\n\nCuidamos de cada passo do processo de crema\u00e7\u00e3o, oferecendo suporte completo e transparente. Desde a escolha da urna at\u00e9 a organiza\u00e7\u00e3o de uma cerim\u00f4nia de homenagem, nossa equipe est\u00e1 preparada para guiar voc\u00ea com sensibilidade e respeito.\n\nAl\u00e9m do servi\u00e7o de crema\u00e7\u00e3o, a <strong>Velar S\u00e3o Paulo<\/strong> prov\u00ea orienta\u00e7\u00e3o sobre as diversas maneiras de preservar as cinzas, como em joias comemorativas ou em jardins de lembran\u00e7as. Estamos aqui para ajudar a criar um tributo eterno \u00e0queles que nos deixaram.\t\t\t\t\t\t\t\t<\/div>\n\t\t\t\t<\/div>\n\t\t\t\t<\/div>\n\t\t<div class=\"elementor-element elementor-element-69becb1 e-con-full detalhe-imagem e-flex e-con e-child\" data-id=\"69becb1\" data-element_type=\"container\">\n\t\t\t\t<div class=\"elementor-element elementor-element-be660cb elementor-widget elementor-widget-image\" data-id=\"be660cb\" data-element_type=\"widget\" data-widget_type=\"image.default\">\n\t\t\t\t<div class=\"elementor-widget-container\">\n\t\t\t\t\t\t\t\t\t\t\t\t\t\t\t<img fetchpriority=\"high\" decoding=\"async\" width=\"410\" height=\"520\" src=\"https:\/\/projetos.inaweb.com.br\/modelo-velar\/wp-content\/uploads\/2024\/05\/velar-sao-paulo-cremacao-velar-funeraria-sp-servicos-funerarios.jpg\" class=\"attachment-full size-full wp-image-1522\" alt=\"\" srcset=\"https:\/\/projetos.inaweb.com.br\/modelo-velar\/wp-content\/uploads\/2024\/05\/velar-sao-paulo-cremacao-velar-funeraria-sp-servicos-funerarios.jpg 410w, https:\/\/projetos.inaweb.com.br\/modelo-velar\/wp-content\/uploads\/2024\/05\/velar-sao-paulo-cremacao-velar-funeraria-sp-servicos-funerarios-237x300.jpg 237w\" sizes=\"(max-width: 410px) 100vw, 410px\" \/>\t\t\t\t\t\t\t\t\t\t\t\t\t\t\t<\/div>\n\t\t\t\t<\/div>\n\t\t\t\t<\/div>\n\t\t\t\t\t<\/div>\n\t\t\t\t<\/div>\n\t\t\t\t<\/div>\n\t\t","protected":false},"excerpt":{"rendered":"<p>Crema\u00e7\u00e3o Compreendemos a sua dor H\u00e1 anos, somos refer\u00eancia em qualidade e primor no setor funer\u00e1rio. Nosso time se encarrega de toda a papelada e na marca\u00e7\u00e3o de hor\u00e1rios para vel\u00f3rios, enterros ou crema\u00e7\u00f5es. A Velar S\u00e3o Paulo reconhece a import\u00e2ncia de um servi\u00e7o de crema\u00e7\u00e3o que respeite as \u00faltimas vontades do falecido. Nosso compromisso [&hellip;]<\/p>\n","protected":false},"author":1,"featured_media":0,"parent":906,"menu_order":0,"comment_status":"closed","ping_status":"closed","template":"elementor_header_footer","meta":{"footnotes":""},"class_list":["post-995","page","type-page","status-publish","hentry"],"yoast_head":"<!-- This site is optimized with the Yoast SEO plugin v26.5 - https:\/\/yoast.com\/wordpress\/plugins\/seo\/ -->\n<title>Crema\u00e7\u00e3o<\/title>\n<meta name=\"description\" content=\"Crema\u00e7\u00e3o - Dispomos de v\u00e1rias escolhas de urnas belas e sofisticadas para as fam\u00edlias que escolherem pela crema\u00e7\u00e3o.\" \/>\n<meta name=\"robots\" content=\"noindex, follow, max-snippet:-1, max-image-preview:large, max-video-preview:-1\" \/>\n<meta property=\"og:locale\" content=\"pt_BR\" \/>\n<meta property=\"og:type\" content=\"article\" \/>\n<meta property=\"og:title\" content=\"Crema\u00e7\u00e3o\" \/>\n<meta property=\"og:description\" content=\"Crema\u00e7\u00e3o - Dispomos de v\u00e1rias escolhas de urnas belas e sofisticadas para as fam\u00edlias que escolherem pela crema\u00e7\u00e3o.\" \/>\n<meta property=\"og:url\" content=\"https:\/\/projetos.inaweb.com.br\/modelo-velar\/nossos-servicos\/cremacao\/\" \/>\n<meta property=\"og:site_name\" content=\"Velar\" \/>\n<meta property=\"article:modified_time\" content=\"2024-09-11T19:51:54+00:00\" \/>\n<meta property=\"og:image\" content=\"https:\/\/projetos.inaweb.com.br\/modelo-velar\/wp-content\/uploads\/2024\/05\/velar-sao-paulo-cremacao-velar-funeraria-sp-servicos-funerarios.jpg\" \/>\n<meta name=\"twitter:card\" content=\"summary_large_image\" \/>\n<meta name=\"twitter:label1\" content=\"Est. tempo de leitura\" \/>\n\t<meta name=\"twitter:data1\" content=\"2 minutos\" \/>\n<script type=\"application\/ld+json\" class=\"yoast-schema-graph\">{\"@context\":\"https:\/\/schema.org\",\"@graph\":[{\"@type\":\"WebPage\",\"@id\":\"https:\/\/projetos.inaweb.com.br\/modelo-velar\/nossos-servicos\/cremacao\/\",\"url\":\"https:\/\/projetos.inaweb.com.br\/modelo-velar\/nossos-servicos\/cremacao\/\",\"name\":\"Crema\u00e7\u00e3o\",\"isPartOf\":{\"@id\":\"https:\/\/projetos.inaweb.com.br\/modelo-velar\/#website\"},\"primaryImageOfPage\":{\"@id\":\"https:\/\/projetos.inaweb.com.br\/modelo-velar\/nossos-servicos\/cremacao\/#primaryimage\"},\"image\":{\"@id\":\"https:\/\/projetos.inaweb.com.br\/modelo-velar\/nossos-servicos\/cremacao\/#primaryimage\"},\"thumbnailUrl\":\"https:\/\/projetos.inaweb.com.br\/modelo-velar\/wp-content\/uploads\/2024\/05\/velar-sao-paulo-cremacao-velar-funeraria-sp-servicos-funerarios.jpg\",\"datePublished\":\"2024-04-18T14:43:35+00:00\",\"dateModified\":\"2024-09-11T19:51:54+00:00\",\"description\":\"Crema\u00e7\u00e3o - Dispomos de v\u00e1rias escolhas de urnas belas e sofisticadas para as fam\u00edlias que escolherem pela crema\u00e7\u00e3o.\",\"breadcrumb\":{\"@id\":\"https:\/\/projetos.inaweb.com.br\/modelo-velar\/nossos-servicos\/cremacao\/#breadcrumb\"},\"inLanguage\":\"pt-BR\",\"potentialAction\":[{\"@type\":\"ReadAction\",\"target\":[\"https:\/\/projetos.inaweb.com.br\/modelo-velar\/nossos-servicos\/cremacao\/\"]}]},{\"@type\":\"ImageObject\",\"inLanguage\":\"pt-BR\",\"@id\":\"https:\/\/projetos.inaweb.com.br\/modelo-velar\/nossos-servicos\/cremacao\/#primaryimage\",\"url\":\"https:\/\/projetos.inaweb.com.br\/modelo-velar\/wp-content\/uploads\/2024\/05\/velar-sao-paulo-cremacao-velar-funeraria-sp-servicos-funerarios.jpg\",\"contentUrl\":\"https:\/\/projetos.inaweb.com.br\/modelo-velar\/wp-content\/uploads\/2024\/05\/velar-sao-paulo-cremacao-velar-funeraria-sp-servicos-funerarios.jpg\",\"width\":410,\"height\":520},{\"@type\":\"BreadcrumbList\",\"@id\":\"https:\/\/projetos.inaweb.com.br\/modelo-velar\/nossos-servicos\/cremacao\/#breadcrumb\",\"itemListElement\":[{\"@type\":\"ListItem\",\"position\":1,\"name\":\"In\u00edcio\",\"item\":\"https:\/\/projetos.inaweb.com.br\/modelo-velar\/\"},{\"@type\":\"ListItem\",\"position\":2,\"name\":\"Nossos Servi\u00e7os\",\"item\":\"https:\/\/projetos.inaweb.com.br\/modelo-velar\/nossos-servicos\/\"},{\"@type\":\"ListItem\",\"position\":3,\"name\":\"Crema\u00e7\u00e3o\"}]},{\"@type\":\"WebSite\",\"@id\":\"https:\/\/projetos.inaweb.com.br\/modelo-velar\/#website\",\"url\":\"https:\/\/projetos.inaweb.com.br\/modelo-velar\/\",\"name\":\"Velar\",\"description\":\"\",\"potentialAction\":[{\"@type\":\"SearchAction\",\"target\":{\"@type\":\"EntryPoint\",\"urlTemplate\":\"https:\/\/projetos.inaweb.com.br\/modelo-velar\/?s={search_term_string}\"},\"query-input\":{\"@type\":\"PropertyValueSpecification\",\"valueRequired\":true,\"valueName\":\"search_term_string\"}}],\"inLanguage\":\"pt-BR\"}]}<\/script>\n<!-- \/ Yoast SEO plugin. -->","yoast_head_json":{"title":"Crema\u00e7\u00e3o","description":"Crema\u00e7\u00e3o - Dispomos de v\u00e1rias escolhas de urnas belas e sofisticadas para as fam\u00edlias que escolherem pela crema\u00e7\u00e3o.","robots":{"index":"noindex","follow":"follow","max-snippet":"max-snippet:-1","max-image-preview":"max-image-preview:large","max-video-preview":"max-video-preview:-1"},"og_locale":"pt_BR","og_type":"article","og_title":"Crema\u00e7\u00e3o","og_description":"Crema\u00e7\u00e3o - Dispomos de v\u00e1rias escolhas de urnas belas e sofisticadas para as fam\u00edlias que escolherem pela crema\u00e7\u00e3o.","og_url":"https:\/\/projetos.inaweb.com.br\/modelo-velar\/nossos-servicos\/cremacao\/","og_site_name":"Velar","article_modified_time":"2024-09-11T19:51:54+00:00","og_image":[{"url":"https:\/\/projetos.inaweb.com.br\/modelo-velar\/wp-content\/uploads\/2024\/05\/velar-sao-paulo-cremacao-velar-funeraria-sp-servicos-funerarios.jpg","type":"","width":"","height":""}],"twitter_card":"summary_large_image","twitter_misc":{"Est. tempo de leitura":"2 minutos"},"schema":{"@context":"https:\/\/schema.org","@graph":[{"@type":"WebPage","@id":"https:\/\/projetos.inaweb.com.br\/modelo-velar\/nossos-servicos\/cremacao\/","url":"https:\/\/projetos.inaweb.com.br\/modelo-velar\/nossos-servicos\/cremacao\/","name":"Crema\u00e7\u00e3o","isPartOf":{"@id":"https:\/\/projetos.inaweb.com.br\/modelo-velar\/#website"},"primaryImageOfPage":{"@id":"https:\/\/projetos.inaweb.com.br\/modelo-velar\/nossos-servicos\/cremacao\/#primaryimage"},"image":{"@id":"https:\/\/projetos.inaweb.com.br\/modelo-velar\/nossos-servicos\/cremacao\/#primaryimage"},"thumbnailUrl":"https:\/\/projetos.inaweb.com.br\/modelo-velar\/wp-content\/uploads\/2024\/05\/velar-sao-paulo-cremacao-velar-funeraria-sp-servicos-funerarios.jpg","datePublished":"2024-04-18T14:43:35+00:00","dateModified":"2024-09-11T19:51:54+00:00","description":"Crema\u00e7\u00e3o - Dispomos de v\u00e1rias escolhas de urnas belas e sofisticadas para as fam\u00edlias que escolherem pela crema\u00e7\u00e3o.","breadcrumb":{"@id":"https:\/\/projetos.inaweb.com.br\/modelo-velar\/nossos-servicos\/cremacao\/#breadcrumb"},"inLanguage":"pt-BR","potentialAction":[{"@type":"ReadAction","target":["https:\/\/projetos.inaweb.com.br\/modelo-velar\/nossos-servicos\/cremacao\/"]}]},{"@type":"ImageObject","inLanguage":"pt-BR","@id":"https:\/\/projetos.inaweb.com.br\/modelo-velar\/nossos-servicos\/cremacao\/#primaryimage","url":"https:\/\/projetos.inaweb.com.br\/modelo-velar\/wp-content\/uploads\/2024\/05\/velar-sao-paulo-cremacao-velar-funeraria-sp-servicos-funerarios.jpg","contentUrl":"https:\/\/projetos.inaweb.com.br\/modelo-velar\/wp-content\/uploads\/2024\/05\/velar-sao-paulo-cremacao-velar-funeraria-sp-servicos-funerarios.jpg","width":410,"height":520},{"@type":"BreadcrumbList","@id":"https:\/\/projetos.inaweb.com.br\/modelo-velar\/nossos-servicos\/cremacao\/#breadcrumb","itemListElement":[{"@type":"ListItem","position":1,"name":"In\u00edcio","item":"https:\/\/projetos.inaweb.com.br\/modelo-velar\/"},{"@type":"ListItem","position":2,"name":"Nossos Servi\u00e7os","item":"https:\/\/projetos.inaweb.com.br\/modelo-velar\/nossos-servicos\/"},{"@type":"ListItem","position":3,"name":"Crema\u00e7\u00e3o"}]},{"@type":"WebSite","@id":"https:\/\/projetos.inaweb.com.br\/modelo-velar\/#website","url":"https:\/\/projetos.inaweb.com.br\/modelo-velar\/","name":"Velar","description":"","potentialAction":[{"@type":"SearchAction","target":{"@type":"EntryPoint","urlTemplate":"https:\/\/projetos.inaweb.com.br\/modelo-velar\/?s={search_term_string}"},"query-input":{"@type":"PropertyValueSpecification","valueRequired":true,"valueName":"search_term_string"}}],"inLanguage":"pt-BR"}]}},"_links":{"self":[{"href":"https:\/\/projetos.inaweb.com.br\/modelo-velar\/wp-json\/wp\/v2\/pages\/995","targetHints":{"allow":["GET"]}}],"collection":[{"href":"https:\/\/projetos.inaweb.com.br\/modelo-velar\/wp-json\/wp\/v2\/pages"}],"about":[{"href":"https:\/\/projetos.inaweb.com.br\/modelo-velar\/wp-json\/wp\/v2\/types\/page"}],"author":[{"embeddable":true,"href":"https:\/\/projetos.inaweb.com.br\/modelo-velar\/wp-json\/wp\/v2\/users\/1"}],"replies":[{"embeddable":true,"href":"https:\/\/projetos.inaweb.com.br\/modelo-velar\/wp-json\/wp\/v2\/comments?post=995"}],"version-history":[{"count":31,"href":"https:\/\/projetos.inaweb.com.br\/modelo-velar\/wp-json\/wp\/v2\/pages\/995\/revisions"}],"predecessor-version":[{"id":1595,"href":"https:\/\/projetos.inaweb.com.br\/modelo-velar\/wp-json\/wp\/v2\/pages\/995\/revisions\/1595"}],"up":[{"embeddable":true,"href":"https:\/\/projetos.inaweb.com.br\/modelo-velar\/wp-json\/wp\/v2\/pages\/906"}],"wp:attachment":[{"href":"https:\/\/projetos.inaweb.com.br\/modelo-velar\/wp-json\/wp\/v2\/media?parent=995"}],"curies":[{"name":"wp","href":"https:\/\/api.w.org\/{rel}","templated":true}]}}