{"id":953,"date":"2024-04-18T11:11:04","date_gmt":"2024-04-18T14:11:04","guid":{"rendered":"https:\/\/www.inaweb.com.br\/velar-novo\/?page_id=953"},"modified":"2024-05-21T16:17:28","modified_gmt":"2024-05-21T19:17:28","slug":"sepultamento","status":"publish","type":"page","link":"https:\/\/projetos.inaweb.com.br\/modelo-velar\/nossos-servicos\/sepultamento\/","title":{"rendered":"Sepultamento"},"content":{"rendered":"\t\t<div data-elementor-type=\"wp-page\" data-elementor-id=\"953\" class=\"elementor elementor-953\" data-elementor-post-type=\"page\">\n\t\t\t\t<div class=\"elementor-element elementor-element-1abe080 e-flex e-con-boxed e-con e-parent\" data-id=\"1abe080\" data-element_type=\"container\" data-settings=\"{&quot;background_background&quot;:&quot;classic&quot;}\">\n\t\t\t\t\t<div class=\"e-con-inner\">\n\t\t<div class=\"elementor-element elementor-element-c2851bb e-con-full e-flex e-con e-child\" data-id=\"c2851bb\" data-element_type=\"container\" data-settings=\"{&quot;background_background&quot;:&quot;classic&quot;}\">\n\t\t\t\t<div class=\"elementor-element elementor-element-e417f88 elementor-widget elementor-widget-heading\" data-id=\"e417f88\" data-element_type=\"widget\" data-widget_type=\"heading.default\">\n\t\t\t\t<div class=\"elementor-widget-container\">\n\t\t\t\t\t<h2 class=\"elementor-heading-title elementor-size-default\">SEPULTAMENTO<\/h2>\t\t\t\t<\/div>\n\t\t\t\t<\/div>\n\t\t\t\t<\/div>\n\t\t\t\t\t<\/div>\n\t\t\t\t<\/div>\n\t\t<div class=\"elementor-element elementor-element-e088761 e-flex e-con-boxed e-con e-parent\" data-id=\"e088761\" data-element_type=\"container\">\n\t\t\t\t\t<div class=\"e-con-inner\">\n\t\t<div class=\"elementor-element elementor-element-05c5d5e e-flex e-con-boxed e-con e-child\" data-id=\"05c5d5e\" data-element_type=\"container\">\n\t\t\t\t\t<div class=\"e-con-inner\">\n\t\t\t\t<div class=\"elementor-element elementor-element-74bcdf7 elementor-widget-divider--view-line elementor-widget elementor-widget-divider\" data-id=\"74bcdf7\" data-element_type=\"widget\" data-widget_type=\"divider.default\">\n\t\t\t\t<div class=\"elementor-widget-container\">\n\t\t\t\t\t\t\t<div class=\"elementor-divider\">\n\t\t\t<span class=\"elementor-divider-separator\">\n\t\t\t\t\t\t<\/span>\n\t\t<\/div>\n\t\t\t\t\t\t<\/div>\n\t\t\t\t<\/div>\n\t\t\t\t<div class=\"elementor-element elementor-element-0e64e1e elementor-widget-divider--view-line elementor-widget elementor-widget-divider\" data-id=\"0e64e1e\" data-element_type=\"widget\" data-widget_type=\"divider.default\">\n\t\t\t\t<div class=\"elementor-widget-container\">\n\t\t\t\t\t\t\t<div class=\"elementor-divider\">\n\t\t\t<span class=\"elementor-divider-separator\">\n\t\t\t\t\t\t<\/span>\n\t\t<\/div>\n\t\t\t\t\t\t<\/div>\n\t\t\t\t<\/div>\n\t\t\t\t\t<\/div>\n\t\t\t\t<\/div>\n\t\t\t\t\t<\/div>\n\t\t\t\t<\/div>\n\t\t<div class=\"elementor-element elementor-element-e400acb e-flex e-con-boxed e-con e-parent\" data-id=\"e400acb\" data-element_type=\"container\">\n\t\t\t\t\t<div class=\"e-con-inner\">\n\t\t<div class=\"elementor-element elementor-element-19745c7 e-con-full e-flex e-con e-child\" data-id=\"19745c7\" data-element_type=\"container\">\n\t\t\t\t<div class=\"elementor-element elementor-element-fedd54b elementor-widget elementor-widget-text-editor\" data-id=\"fedd54b\" data-element_type=\"widget\" data-widget_type=\"text-editor.default\">\n\t\t\t\t<div class=\"elementor-widget-container\">\n\t\t\t\t\t\t\t\t\t<p><strong>Honramos o seu luto<\/strong><\/p><p><strong>Primazia e excel\u00eancia no setor Funer\u00e1rio h\u00e1 anos.<\/strong><\/p><p><strong>Nossa equipe se encarrega de toda a documenta\u00e7\u00e3o e na programa\u00e7\u00e3o de hor\u00e1rios para vel\u00f3rios, funerais ou crema\u00e7\u00f5es.<\/strong><\/p>\t\t\t\t\t\t\t\t<\/div>\n\t\t\t\t<\/div>\n\t\t\t\t<div class=\"elementor-element elementor-element-1010a5c elementor-widget elementor-widget-text-editor\" data-id=\"1010a5c\" data-element_type=\"widget\" data-widget_type=\"text-editor.default\">\n\t\t\t\t<div class=\"elementor-widget-container\">\n\t\t\t\t\t\t\t\t\tNa <strong>Velar S\u00e3o Paulo<\/strong>, sabemos que o sepultamento \u00e9 um passo crucial no processo de luto. Por isso, oferecemos um servi\u00e7o completo e atencioso, para que a fam\u00edlia possa se concentrar em homenagear a vida do ser amado.\n\nNossa equipe est\u00e1 pronta para orientar voc\u00ea em cada etapa, desde a escolha do caix\u00e3o at\u00e9 os arranjos florais, sempre respeitando as tradi\u00e7\u00f5es e prefer\u00eancias pessoais. Nosso objetivo \u00e9 facilitar este momento, proporcionando conforto e respeito.\n\nOferecemos tamb\u00e9m apoio p\u00f3s-servi\u00e7o, com assist\u00eancia em quest\u00f5es administrativas e suporte emocional. A <strong>Velar S\u00e3o Paulo<\/strong> se dedica a garantir que o adeus ao seu ente querido seja realizado com amor, cuidado e dignidade.\t\t\t\t\t\t\t\t<\/div>\n\t\t\t\t<\/div>\n\t\t\t\t<\/div>\n\t\t<div class=\"elementor-element elementor-element-69becb1 e-con-full detalhe-imagem e-flex e-con e-child\" data-id=\"69becb1\" data-element_type=\"container\">\n\t\t\t\t<div class=\"elementor-element elementor-element-be660cb elementor-widget elementor-widget-image\" data-id=\"be660cb\" data-element_type=\"widget\" data-widget_type=\"image.default\">\n\t\t\t\t<div class=\"elementor-widget-container\">\n\t\t\t\t\t\t\t\t\t\t\t\t\t\t\t<img fetchpriority=\"high\" decoding=\"async\" width=\"410\" height=\"520\" src=\"https:\/\/projetos.inaweb.com.br\/modelo-velar\/wp-content\/uploads\/2024\/05\/velar-sao-paulo-sepultamento-velar-funeraria-sp-servicos-funerarios.jpg\" class=\"attachment-full size-full wp-image-1521\" alt=\"\" srcset=\"https:\/\/projetos.inaweb.com.br\/modelo-velar\/wp-content\/uploads\/2024\/05\/velar-sao-paulo-sepultamento-velar-funeraria-sp-servicos-funerarios.jpg 410w, https:\/\/projetos.inaweb.com.br\/modelo-velar\/wp-content\/uploads\/2024\/05\/velar-sao-paulo-sepultamento-velar-funeraria-sp-servicos-funerarios-237x300.jpg 237w\" sizes=\"(max-width: 410px) 100vw, 410px\" \/>\t\t\t\t\t\t\t\t\t\t\t\t\t\t\t<\/div>\n\t\t\t\t<\/div>\n\t\t\t\t<\/div>\n\t\t\t\t\t<\/div>\n\t\t\t\t<\/div>\n\t\t\t\t<\/div>\n\t\t","protected":false},"excerpt":{"rendered":"<p>SEPULTAMENTO Honramos o seu luto Primazia e excel\u00eancia no setor Funer\u00e1rio h\u00e1 anos. Nossa equipe se encarrega de toda a documenta\u00e7\u00e3o e na programa\u00e7\u00e3o de hor\u00e1rios para vel\u00f3rios, funerais ou crema\u00e7\u00f5es. Na Velar S\u00e3o Paulo, sabemos que o sepultamento \u00e9 um passo crucial no processo de luto. Por isso, oferecemos um servi\u00e7o completo e atencioso, [&hellip;]<\/p>\n","protected":false},"author":1,"featured_media":0,"parent":906,"menu_order":0,"comment_status":"closed","ping_status":"closed","template":"elementor_header_footer","meta":{"footnotes":""},"class_list":["post-953","page","type-page","status-publish","hentry"],"yoast_head":"<!-- This site is optimized with the Yoast SEO plugin v26.5 - https:\/\/yoast.com\/wordpress\/plugins\/seo\/ -->\n<title>Sepultamento<\/title>\n<meta name=\"description\" content=\"Sepultamento - Gerenciamos toda a organiza\u00e7\u00e3o para o funeral e damos suporte \u00e0 fam\u00edlia com todos os documentos necess\u00e1rios.\" \/>\n<meta name=\"robots\" content=\"noindex, follow, max-snippet:-1, max-image-preview:large, max-video-preview:-1\" \/>\n<meta property=\"og:locale\" content=\"pt_BR\" \/>\n<meta property=\"og:type\" content=\"article\" \/>\n<meta property=\"og:title\" content=\"Sepultamento\" \/>\n<meta property=\"og:description\" content=\"Sepultamento - Gerenciamos toda a organiza\u00e7\u00e3o para o funeral e damos suporte \u00e0 fam\u00edlia com todos os documentos necess\u00e1rios.\" \/>\n<meta property=\"og:url\" content=\"https:\/\/projetos.inaweb.com.br\/modelo-velar\/nossos-servicos\/sepultamento\/\" \/>\n<meta property=\"og:site_name\" content=\"Velar\" \/>\n<meta property=\"article:modified_time\" content=\"2024-05-21T19:17:28+00:00\" \/>\n<meta property=\"og:image\" content=\"https:\/\/projetos.inaweb.com.br\/modelo-velar\/wp-content\/uploads\/2024\/05\/velar-sao-paulo-sepultamento-velar-funeraria-sp-servicos-funerarios.jpg\" \/>\n<meta name=\"twitter:card\" content=\"summary_large_image\" \/>\n<meta name=\"twitter:label1\" content=\"Est. tempo de leitura\" \/>\n\t<meta name=\"twitter:data1\" content=\"1 minuto\" \/>\n<script type=\"application\/ld+json\" class=\"yoast-schema-graph\">{\"@context\":\"https:\/\/schema.org\",\"@graph\":[{\"@type\":\"WebPage\",\"@id\":\"https:\/\/projetos.inaweb.com.br\/modelo-velar\/nossos-servicos\/sepultamento\/\",\"url\":\"https:\/\/projetos.inaweb.com.br\/modelo-velar\/nossos-servicos\/sepultamento\/\",\"name\":\"Sepultamento\",\"isPartOf\":{\"@id\":\"https:\/\/projetos.inaweb.com.br\/modelo-velar\/#website\"},\"primaryImageOfPage\":{\"@id\":\"https:\/\/projetos.inaweb.com.br\/modelo-velar\/nossos-servicos\/sepultamento\/#primaryimage\"},\"image\":{\"@id\":\"https:\/\/projetos.inaweb.com.br\/modelo-velar\/nossos-servicos\/sepultamento\/#primaryimage\"},\"thumbnailUrl\":\"https:\/\/projetos.inaweb.com.br\/modelo-velar\/wp-content\/uploads\/2024\/05\/velar-sao-paulo-sepultamento-velar-funeraria-sp-servicos-funerarios.jpg\",\"datePublished\":\"2024-04-18T14:11:04+00:00\",\"dateModified\":\"2024-05-21T19:17:28+00:00\",\"description\":\"Sepultamento - Gerenciamos toda a organiza\u00e7\u00e3o para o funeral e damos suporte \u00e0 fam\u00edlia com todos os documentos necess\u00e1rios.\",\"breadcrumb\":{\"@id\":\"https:\/\/projetos.inaweb.com.br\/modelo-velar\/nossos-servicos\/sepultamento\/#breadcrumb\"},\"inLanguage\":\"pt-BR\",\"potentialAction\":[{\"@type\":\"ReadAction\",\"target\":[\"https:\/\/projetos.inaweb.com.br\/modelo-velar\/nossos-servicos\/sepultamento\/\"]}]},{\"@type\":\"ImageObject\",\"inLanguage\":\"pt-BR\",\"@id\":\"https:\/\/projetos.inaweb.com.br\/modelo-velar\/nossos-servicos\/sepultamento\/#primaryimage\",\"url\":\"https:\/\/projetos.inaweb.com.br\/modelo-velar\/wp-content\/uploads\/2024\/05\/velar-sao-paulo-sepultamento-velar-funeraria-sp-servicos-funerarios.jpg\",\"contentUrl\":\"https:\/\/projetos.inaweb.com.br\/modelo-velar\/wp-content\/uploads\/2024\/05\/velar-sao-paulo-sepultamento-velar-funeraria-sp-servicos-funerarios.jpg\",\"width\":410,\"height\":520},{\"@type\":\"BreadcrumbList\",\"@id\":\"https:\/\/projetos.inaweb.com.br\/modelo-velar\/nossos-servicos\/sepultamento\/#breadcrumb\",\"itemListElement\":[{\"@type\":\"ListItem\",\"position\":1,\"name\":\"In\u00edcio\",\"item\":\"https:\/\/projetos.inaweb.com.br\/modelo-velar\/\"},{\"@type\":\"ListItem\",\"position\":2,\"name\":\"Nossos Servi\u00e7os\",\"item\":\"https:\/\/projetos.inaweb.com.br\/modelo-velar\/nossos-servicos\/\"},{\"@type\":\"ListItem\",\"position\":3,\"name\":\"Sepultamento\"}]},{\"@type\":\"WebSite\",\"@id\":\"https:\/\/projetos.inaweb.com.br\/modelo-velar\/#website\",\"url\":\"https:\/\/projetos.inaweb.com.br\/modelo-velar\/\",\"name\":\"Velar\",\"description\":\"\",\"potentialAction\":[{\"@type\":\"SearchAction\",\"target\":{\"@type\":\"EntryPoint\",\"urlTemplate\":\"https:\/\/projetos.inaweb.com.br\/modelo-velar\/?s={search_term_string}\"},\"query-input\":{\"@type\":\"PropertyValueSpecification\",\"valueRequired\":true,\"valueName\":\"search_term_string\"}}],\"inLanguage\":\"pt-BR\"}]}<\/script>\n<!-- \/ Yoast SEO plugin. -->","yoast_head_json":{"title":"Sepultamento","description":"Sepultamento - Gerenciamos toda a organiza\u00e7\u00e3o para o funeral e damos suporte \u00e0 fam\u00edlia com todos os documentos necess\u00e1rios.","robots":{"index":"noindex","follow":"follow","max-snippet":"max-snippet:-1","max-image-preview":"max-image-preview:large","max-video-preview":"max-video-preview:-1"},"og_locale":"pt_BR","og_type":"article","og_title":"Sepultamento","og_description":"Sepultamento - Gerenciamos toda a organiza\u00e7\u00e3o para o funeral e damos suporte \u00e0 fam\u00edlia com todos os documentos necess\u00e1rios.","og_url":"https:\/\/projetos.inaweb.com.br\/modelo-velar\/nossos-servicos\/sepultamento\/","og_site_name":"Velar","article_modified_time":"2024-05-21T19:17:28+00:00","og_image":[{"url":"https:\/\/projetos.inaweb.com.br\/modelo-velar\/wp-content\/uploads\/2024\/05\/velar-sao-paulo-sepultamento-velar-funeraria-sp-servicos-funerarios.jpg","type":"","width":"","height":""}],"twitter_card":"summary_large_image","twitter_misc":{"Est. tempo de leitura":"1 minuto"},"schema":{"@context":"https:\/\/schema.org","@graph":[{"@type":"WebPage","@id":"https:\/\/projetos.inaweb.com.br\/modelo-velar\/nossos-servicos\/sepultamento\/","url":"https:\/\/projetos.inaweb.com.br\/modelo-velar\/nossos-servicos\/sepultamento\/","name":"Sepultamento","isPartOf":{"@id":"https:\/\/projetos.inaweb.com.br\/modelo-velar\/#website"},"primaryImageOfPage":{"@id":"https:\/\/projetos.inaweb.com.br\/modelo-velar\/nossos-servicos\/sepultamento\/#primaryimage"},"image":{"@id":"https:\/\/projetos.inaweb.com.br\/modelo-velar\/nossos-servicos\/sepultamento\/#primaryimage"},"thumbnailUrl":"https:\/\/projetos.inaweb.com.br\/modelo-velar\/wp-content\/uploads\/2024\/05\/velar-sao-paulo-sepultamento-velar-funeraria-sp-servicos-funerarios.jpg","datePublished":"2024-04-18T14:11:04+00:00","dateModified":"2024-05-21T19:17:28+00:00","description":"Sepultamento - Gerenciamos toda a organiza\u00e7\u00e3o para o funeral e damos suporte \u00e0 fam\u00edlia com todos os documentos necess\u00e1rios.","breadcrumb":{"@id":"https:\/\/projetos.inaweb.com.br\/modelo-velar\/nossos-servicos\/sepultamento\/#breadcrumb"},"inLanguage":"pt-BR","potentialAction":[{"@type":"ReadAction","target":["https:\/\/projetos.inaweb.com.br\/modelo-velar\/nossos-servicos\/sepultamento\/"]}]},{"@type":"ImageObject","inLanguage":"pt-BR","@id":"https:\/\/projetos.inaweb.com.br\/modelo-velar\/nossos-servicos\/sepultamento\/#primaryimage","url":"https:\/\/projetos.inaweb.com.br\/modelo-velar\/wp-content\/uploads\/2024\/05\/velar-sao-paulo-sepultamento-velar-funeraria-sp-servicos-funerarios.jpg","contentUrl":"https:\/\/projetos.inaweb.com.br\/modelo-velar\/wp-content\/uploads\/2024\/05\/velar-sao-paulo-sepultamento-velar-funeraria-sp-servicos-funerarios.jpg","width":410,"height":520},{"@type":"BreadcrumbList","@id":"https:\/\/projetos.inaweb.com.br\/modelo-velar\/nossos-servicos\/sepultamento\/#breadcrumb","itemListElement":[{"@type":"ListItem","position":1,"name":"In\u00edcio","item":"https:\/\/projetos.inaweb.com.br\/modelo-velar\/"},{"@type":"ListItem","position":2,"name":"Nossos Servi\u00e7os","item":"https:\/\/projetos.inaweb.com.br\/modelo-velar\/nossos-servicos\/"},{"@type":"ListItem","position":3,"name":"Sepultamento"}]},{"@type":"WebSite","@id":"https:\/\/projetos.inaweb.com.br\/modelo-velar\/#website","url":"https:\/\/projetos.inaweb.com.br\/modelo-velar\/","name":"Velar","description":"","potentialAction":[{"@type":"SearchAction","target":{"@type":"EntryPoint","urlTemplate":"https:\/\/projetos.inaweb.com.br\/modelo-velar\/?s={search_term_string}"},"query-input":{"@type":"PropertyValueSpecification","valueRequired":true,"valueName":"search_term_string"}}],"inLanguage":"pt-BR"}]}},"_links":{"self":[{"href":"https:\/\/projetos.inaweb.com.br\/modelo-velar\/wp-json\/wp\/v2\/pages\/953","targetHints":{"allow":["GET"]}}],"collection":[{"href":"https:\/\/projetos.inaweb.com.br\/modelo-velar\/wp-json\/wp\/v2\/pages"}],"about":[{"href":"https:\/\/projetos.inaweb.com.br\/modelo-velar\/wp-json\/wp\/v2\/types\/page"}],"author":[{"embeddable":true,"href":"https:\/\/projetos.inaweb.com.br\/modelo-velar\/wp-json\/wp\/v2\/users\/1"}],"replies":[{"embeddable":true,"href":"https:\/\/projetos.inaweb.com.br\/modelo-velar\/wp-json\/wp\/v2\/comments?post=953"}],"version-history":[{"count":55,"href":"https:\/\/projetos.inaweb.com.br\/modelo-velar\/wp-json\/wp\/v2\/pages\/953\/revisions"}],"predecessor-version":[{"id":1529,"href":"https:\/\/projetos.inaweb.com.br\/modelo-velar\/wp-json\/wp\/v2\/pages\/953\/revisions\/1529"}],"up":[{"embeddable":true,"href":"https:\/\/projetos.inaweb.com.br\/modelo-velar\/wp-json\/wp\/v2\/pages\/906"}],"wp:attachment":[{"href":"https:\/\/projetos.inaweb.com.br\/modelo-velar\/wp-json\/wp\/v2\/media?parent=953"}],"curies":[{"name":"wp","href":"https:\/\/api.w.org\/{rel}","templated":true}]}}