{"id":1153,"date":"2024-04-19T13:30:19","date_gmt":"2024-04-19T16:30:19","guid":{"rendered":"https:\/\/www.inaweb.com.br\/velar-novo\/?page_id=1153"},"modified":"2024-09-04T13:26:18","modified_gmt":"2024-09-04T16:26:18","slug":"sac-assessoria-de-imprensa","status":"publish","type":"page","link":"https:\/\/projetos.inaweb.com.br\/modelo-velar\/sac-assessoria-de-imprensa\/","title":{"rendered":"SAC \/ Assessoria de Imprensa"},"content":{"rendered":"\t\t<div data-elementor-type=\"wp-page\" data-elementor-id=\"1153\" class=\"elementor elementor-1153\" data-elementor-post-type=\"page\">\n\t\t\t\t<div class=\"elementor-element elementor-element-31d0836 e-flex e-con-boxed e-con e-parent\" data-id=\"31d0836\" data-element_type=\"container\" data-settings=\"{&quot;background_background&quot;:&quot;classic&quot;}\">\n\t\t\t\t\t<div class=\"e-con-inner\">\n\t\t<div class=\"elementor-element elementor-element-3a78346 e-con-full e-flex e-con e-child\" data-id=\"3a78346\" data-element_type=\"container\" data-settings=\"{&quot;background_background&quot;:&quot;classic&quot;}\">\n\t\t\t\t<div class=\"elementor-element elementor-element-1762616 elementor-widget elementor-widget-heading\" data-id=\"1762616\" data-element_type=\"widget\" data-widget_type=\"heading.default\">\n\t\t\t\t<div class=\"elementor-widget-container\">\n\t\t\t\t\t<h2 class=\"elementor-heading-title elementor-size-default\">ASSESSORIA DE IMPRENSA<\/h2>\t\t\t\t<\/div>\n\t\t\t\t<\/div>\n\t\t\t\t<\/div>\n\t\t\t\t\t<\/div>\n\t\t\t\t<\/div>\n\t\t<div class=\"elementor-element elementor-element-38eca97 central-de-atendimento e-flex e-con-boxed e-con e-parent\" data-id=\"38eca97\" data-element_type=\"container\">\n\t\t\t\t\t<div class=\"e-con-inner\">\n\t\t<div class=\"elementor-element elementor-element-5eb553e e-flex e-con-boxed e-con e-child\" data-id=\"5eb553e\" data-element_type=\"container\" data-settings=\"{&quot;background_background&quot;:&quot;classic&quot;}\">\n\t\t\t\t\t<div class=\"e-con-inner\">\n\t\t<div class=\"elementor-element elementor-element-53ca100 e-con-full e-flex e-con e-child\" data-id=\"53ca100\" data-element_type=\"container\">\n\t\t\t\t<div class=\"elementor-element elementor-element-02985ba elementor-widget elementor-widget-image\" data-id=\"02985ba\" data-element_type=\"widget\" data-widget_type=\"image.default\">\n\t\t\t\t<div class=\"elementor-widget-container\">\n\t\t\t\t\t\t\t\t\t\t\t\t\t\t\t<img fetchpriority=\"high\" decoding=\"async\" width=\"500\" height=\"500\" src=\"https:\/\/projetos.inaweb.com.br\/modelo-velar\/wp-content\/uploads\/2024\/04\/assessoria-de-imprensa-velar.jpg\" class=\"attachment-large size-large wp-image-1201\" alt=\"\" srcset=\"https:\/\/projetos.inaweb.com.br\/modelo-velar\/wp-content\/uploads\/2024\/04\/assessoria-de-imprensa-velar.jpg 500w, https:\/\/projetos.inaweb.com.br\/modelo-velar\/wp-content\/uploads\/2024\/04\/assessoria-de-imprensa-velar-300x300.jpg 300w, https:\/\/projetos.inaweb.com.br\/modelo-velar\/wp-content\/uploads\/2024\/04\/assessoria-de-imprensa-velar-150x150.jpg 150w\" sizes=\"(max-width: 500px) 100vw, 500px\" \/>\t\t\t\t\t\t\t\t\t\t\t\t\t\t\t<\/div>\n\t\t\t\t<\/div>\n\t\t\t\t<\/div>\n\t\t<div class=\"elementor-element elementor-element-50563f8 e-con-full e-flex e-con e-child\" data-id=\"50563f8\" data-element_type=\"container\">\n\t\t\t\t<div class=\"elementor-element elementor-element-82bb00f elementor-widget elementor-widget-heading\" data-id=\"82bb00f\" data-element_type=\"widget\" data-widget_type=\"heading.default\">\n\t\t\t\t<div class=\"elementor-widget-container\">\n\t\t\t\t\t<h2 class=\"elementor-heading-title elementor-size-default\">ASSESSORIA DE IMPRENSA<\/h2>\t\t\t\t<\/div>\n\t\t\t\t<\/div>\n\t\t\t\t<div class=\"elementor-element elementor-element-9179ed8 elementor-view-stacked elementor-position-left elementor-shape-circle elementor-mobile-position-top elementor-widget elementor-widget-icon-box\" data-id=\"9179ed8\" data-element_type=\"widget\" data-widget_type=\"icon-box.default\">\n\t\t\t\t<div class=\"elementor-widget-container\">\n\t\t\t\t\t\t\t<div class=\"elementor-icon-box-wrapper\">\n\n\t\t\t\t\t\t<div class=\"elementor-icon-box-icon\">\n\t\t\t\t<a href=\"mailto:imprensa@velar.com.br\" class=\"elementor-icon\" tabindex=\"-1\" aria-label=\"imprensa@velar.com.br\">\n\t\t\t\t<svg aria-hidden=\"true\" class=\"e-font-icon-svg e-far-envelope\" viewBox=\"0 0 512 512\" xmlns=\"http:\/\/www.w3.org\/2000\/svg\"><path d=\"M464 64H48C21.49 64 0 85.49 0 112v288c0 26.51 21.49 48 48 48h416c26.51 0 48-21.49 48-48V112c0-26.51-21.49-48-48-48zm0 48v40.805c-22.422 18.259-58.168 46.651-134.587 106.49-16.841 13.247-50.201 45.072-73.413 44.701-23.208.375-56.579-31.459-73.413-44.701C106.18 199.465 70.425 171.067 48 152.805V112h416zM48 400V214.398c22.914 18.251 55.409 43.862 104.938 82.646 21.857 17.205 60.134 55.186 103.062 54.955 42.717.231 80.509-37.199 103.053-54.947 49.528-38.783 82.032-64.401 104.947-82.653V400H48z\"><\/path><\/svg>\t\t\t\t<\/a>\n\t\t\t<\/div>\n\t\t\t\n\t\t\t\t\t\t<div class=\"elementor-icon-box-content\">\n\n\t\t\t\t\t\t\t\t\t<span class=\"elementor-icon-box-title\">\n\t\t\t\t\t\t<a href=\"mailto:imprensa@velar.com.br\" >\n\t\t\t\t\t\t\timprensa@velar.com.br\t\t\t\t\t\t<\/a>\n\t\t\t\t\t<\/span>\n\t\t\t\t\n\t\t\t\t\n\t\t\t<\/div>\n\t\t\t\n\t\t<\/div>\n\t\t\t\t\t\t<\/div>\n\t\t\t\t<\/div>\n\t\t\t\t<div class=\"elementor-element elementor-element-d134858 elementor-view-stacked elementor-position-left elementor-shape-circle elementor-mobile-position-top elementor-widget elementor-widget-icon-box\" data-id=\"d134858\" data-element_type=\"widget\" data-widget_type=\"icon-box.default\">\n\t\t\t\t<div class=\"elementor-widget-container\">\n\t\t\t\t\t\t\t<div class=\"elementor-icon-box-wrapper\">\n\n\t\t\t\t\t\t<div class=\"elementor-icon-box-icon\">\n\t\t\t\t<a href=\"tel:011917439067\" class=\"elementor-icon\" tabindex=\"-1\" aria-label=\" (11) 9 1743.9067\">\n\t\t\t\t<svg aria-hidden=\"true\" class=\"e-font-icon-svg e-fas-phone-alt\" viewBox=\"0 0 512 512\" xmlns=\"http:\/\/www.w3.org\/2000\/svg\"><path d=\"M497.39 361.8l-112-48a24 24 0 0 0-28 6.9l-49.6 60.6A370.66 370.66 0 0 1 130.6 204.11l60.6-49.6a23.94 23.94 0 0 0 6.9-28l-48-112A24.16 24.16 0 0 0 122.6.61l-104 24A24 24 0 0 0 0 48c0 256.5 207.9 464 464 464a24 24 0 0 0 23.4-18.6l24-104a24.29 24.29 0 0 0-14.01-27.6z\"><\/path><\/svg>\t\t\t\t<\/a>\n\t\t\t<\/div>\n\t\t\t\n\t\t\t\t\t\t<div class=\"elementor-icon-box-content\">\n\n\t\t\t\t\t\t\t\t\t<span class=\"elementor-icon-box-title\">\n\t\t\t\t\t\t<a href=\"tel:011917439067\" >\n\t\t\t\t\t\t\t (11) 9 1743.9067\t\t\t\t\t\t<\/a>\n\t\t\t\t\t<\/span>\n\t\t\t\t\n\t\t\t\t\n\t\t\t<\/div>\n\t\t\t\n\t\t<\/div>\n\t\t\t\t\t\t<\/div>\n\t\t\t\t<\/div>\n\t\t\t\t<\/div>\n\t\t\t\t\t<\/div>\n\t\t\t\t<\/div>\n\t\t\t\t\t<\/div>\n\t\t\t\t<\/div>\n\t\t<div class=\"elementor-element elementor-element-8f5e553 e-flex e-con-boxed e-con e-parent\" data-id=\"8f5e553\" data-element_type=\"container\" data-settings=\"{&quot;background_background&quot;:&quot;classic&quot;}\">\n\t\t\t\t\t<div class=\"e-con-inner\">\n\t\t\t\t<div class=\"elementor-element elementor-element-fde08b0 elementor-widget elementor-widget-heading\" data-id=\"fde08b0\" data-element_type=\"widget\" data-widget_type=\"heading.default\">\n\t\t\t\t<div class=\"elementor-widget-container\">\n\t\t\t\t\t<h2 class=\"elementor-heading-title elementor-size-default\">SAC<\/h2>\t\t\t\t<\/div>\n\t\t\t\t<\/div>\n\t\t\t\t<div class=\"elementor-element elementor-element-333e966 elementor-widget elementor-widget-heading\" data-id=\"333e966\" data-element_type=\"widget\" data-widget_type=\"heading.default\">\n\t\t\t\t<div class=\"elementor-widget-container\">\n\t\t\t\t\t<h2 class=\"elementor-heading-title elementor-size-default\">A sua opini\u00e3o \u00e9 muito importante!<\/h2>\t\t\t\t<\/div>\n\t\t\t\t<\/div>\n\t\t\t\t<div class=\"elementor-element elementor-element-b3d441b elementor-widget elementor-widget-heading\" data-id=\"b3d441b\" data-element_type=\"widget\" data-widget_type=\"heading.default\">\n\t\t\t\t<div class=\"elementor-widget-container\">\n\t\t\t\t\t<h2 class=\"elementor-heading-title elementor-size-default\">Deixe sua sugest\u00e3o ou reclama\u00e7\u00e3o abaixo<\/h2>\t\t\t\t<\/div>\n\t\t\t\t<\/div>\n\t\t\t\t<div class=\"elementor-element elementor-element-51912f1 elementor-widget elementor-widget-shortcode\" data-id=\"51912f1\" data-element_type=\"widget\" data-widget_type=\"shortcode.default\">\n\t\t\t\t<div class=\"elementor-widget-container\">\n\t\t\t\t\t\t\t<div class=\"elementor-shortcode\">\n<div class=\"wpcf7 no-js\" id=\"wpcf7-f1230-o1\" lang=\"pt-BR\" dir=\"ltr\" data-wpcf7-id=\"1230\">\n<div class=\"screen-reader-response\"><p role=\"status\" aria-live=\"polite\" aria-atomic=\"true\"><\/p> <ul><\/ul><\/div>\n<form action=\"\/modelo-velar\/wp-json\/wp\/v2\/pages\/1153#wpcf7-f1230-o1\" method=\"post\" class=\"wpcf7-form init\" aria-label=\"Formul\u00e1rios de contato\" novalidate=\"novalidate\" data-status=\"init\">\n<fieldset class=\"hidden-fields-container\"><input type=\"hidden\" name=\"_wpcf7\" value=\"1230\" \/><input type=\"hidden\" name=\"_wpcf7_version\" value=\"6.1.4\" \/><input type=\"hidden\" name=\"_wpcf7_locale\" value=\"pt_BR\" \/><input type=\"hidden\" name=\"_wpcf7_unit_tag\" value=\"wpcf7-f1230-o1\" \/><input type=\"hidden\" name=\"_wpcf7_container_post\" value=\"0\" \/><input type=\"hidden\" name=\"_wpcf7_posted_data_hash\" value=\"\" \/>\n<\/fieldset>\n<p><span class=\"wpcf7-form-control-wrap\" data-name=\"nome\"><input size=\"40\" maxlength=\"400\" class=\"wpcf7-form-control wpcf7-text wpcf7-validates-as-required\" aria-required=\"true\" aria-invalid=\"false\" placeholder=\"Seu nome\" value=\"\" type=\"text\" name=\"nome\" \/><\/span><span class=\"wpcf7-form-control-wrap\" data-name=\"email\"><input size=\"40\" maxlength=\"400\" class=\"wpcf7-form-control wpcf7-email wpcf7-validates-as-required wpcf7-text wpcf7-validates-as-email\" aria-required=\"true\" aria-invalid=\"false\" placeholder=\"Seu e-mail\" value=\"\" type=\"email\" name=\"email\" \/><\/span><span class=\"wpcf7-form-control-wrap\" data-name=\"telefone\"><input size=\"40\" maxlength=\"400\" class=\"wpcf7-form-control wpcf7-tel wpcf7-validates-as-required wpcf7-text wpcf7-validates-as-tel telefone-form\" aria-required=\"true\" aria-invalid=\"false\" placeholder=\"WhatsApp \/ Telefone\" value=\"\" type=\"tel\" name=\"telefone\" \/><\/span><span class=\"wpcf7-form-control-wrap\" data-name=\"mensagem\"><textarea cols=\"40\" rows=\"10\" maxlength=\"2000\" class=\"wpcf7-form-control wpcf7-textarea\" aria-invalid=\"false\" placeholder=\"Digite sua mensagem...\" name=\"mensagem\"><\/textarea><\/span><input class=\"wpcf7-form-control wpcf7-submit has-spinner\" type=\"submit\" value=\"ENVIAR\" \/>\n<\/p><div class=\"wpcf7-response-output\" aria-hidden=\"true\"><\/div>\n<\/form>\n<\/div>\n<\/div>\n\t\t\t\t\t\t<\/div>\n\t\t\t\t<\/div>\n\t\t\t\t\t<\/div>\n\t\t\t\t<\/div>\n\t\t\t\t<\/div>\n\t\t","protected":false},"excerpt":{"rendered":"<p>ASSESSORIA DE IMPRENSA ASSESSORIA DE IMPRENSA imprensa@velar.com.br (11) 9 1743.9067 SAC A sua opini\u00e3o \u00e9 muito importante! Deixe sua sugest\u00e3o ou reclama\u00e7\u00e3o abaixo<\/p>\n","protected":false},"author":1,"featured_media":0,"parent":0,"menu_order":0,"comment_status":"closed","ping_status":"closed","template":"elementor_header_footer","meta":{"footnotes":""},"class_list":["post-1153","page","type-page","status-publish","hentry"],"yoast_head":"<!-- This site is optimized with the Yoast SEO plugin v26.5 - https:\/\/yoast.com\/wordpress\/plugins\/seo\/ -->\n<title>SAC - Funer\u00e1ria Velar - Servi\u00e7os Funer\u00e1rios<\/title>\n<meta name=\"description\" content=\"Funer\u00e1ria Velar - Assist\u00eancia com funeral completa: vel\u00f3rio e sepultamento. Entre em contato conosco! Atendimento 24 Horas!\" \/>\n<meta name=\"robots\" content=\"noindex, follow, max-snippet:-1, max-image-preview:large, max-video-preview:-1\" \/>\n<meta property=\"og:locale\" content=\"pt_BR\" \/>\n<meta property=\"og:type\" content=\"article\" \/>\n<meta property=\"og:title\" content=\"SAC - Funer\u00e1ria Velar - Servi\u00e7os Funer\u00e1rios\" \/>\n<meta property=\"og:description\" content=\"Funer\u00e1ria Velar - Assist\u00eancia com funeral completa: vel\u00f3rio e sepultamento. Entre em contato conosco! Atendimento 24 Horas!\" \/>\n<meta property=\"og:url\" content=\"https:\/\/projetos.inaweb.com.br\/modelo-velar\/sac-assessoria-de-imprensa\/\" \/>\n<meta property=\"og:site_name\" content=\"Velar\" \/>\n<meta property=\"article:modified_time\" content=\"2024-09-04T16:26:18+00:00\" \/>\n<meta property=\"og:image\" content=\"https:\/\/projetos.inaweb.com.br\/modelo-velar\/wp-content\/uploads\/2024\/04\/assessoria-de-imprensa-velar.jpg\" \/>\n<meta name=\"twitter:card\" content=\"summary_large_image\" \/>\n<meta name=\"twitter:label1\" content=\"Est. tempo de leitura\" \/>\n\t<meta name=\"twitter:data1\" content=\"1 minuto\" \/>\n<script type=\"application\/ld+json\" class=\"yoast-schema-graph\">{\"@context\":\"https:\/\/schema.org\",\"@graph\":[{\"@type\":\"WebPage\",\"@id\":\"https:\/\/projetos.inaweb.com.br\/modelo-velar\/sac-assessoria-de-imprensa\/\",\"url\":\"https:\/\/projetos.inaweb.com.br\/modelo-velar\/sac-assessoria-de-imprensa\/\",\"name\":\"SAC - Funer\u00e1ria Velar - Servi\u00e7os Funer\u00e1rios\",\"isPartOf\":{\"@id\":\"https:\/\/projetos.inaweb.com.br\/modelo-velar\/#website\"},\"primaryImageOfPage\":{\"@id\":\"https:\/\/projetos.inaweb.com.br\/modelo-velar\/sac-assessoria-de-imprensa\/#primaryimage\"},\"image\":{\"@id\":\"https:\/\/projetos.inaweb.com.br\/modelo-velar\/sac-assessoria-de-imprensa\/#primaryimage\"},\"thumbnailUrl\":\"https:\/\/projetos.inaweb.com.br\/modelo-velar\/wp-content\/uploads\/2024\/04\/assessoria-de-imprensa-velar.jpg\",\"datePublished\":\"2024-04-19T16:30:19+00:00\",\"dateModified\":\"2024-09-04T16:26:18+00:00\",\"description\":\"Funer\u00e1ria Velar - Assist\u00eancia com funeral completa: vel\u00f3rio e sepultamento. Entre em contato conosco! Atendimento 24 Horas!\",\"breadcrumb\":{\"@id\":\"https:\/\/projetos.inaweb.com.br\/modelo-velar\/sac-assessoria-de-imprensa\/#breadcrumb\"},\"inLanguage\":\"pt-BR\",\"potentialAction\":[{\"@type\":\"ReadAction\",\"target\":[\"https:\/\/projetos.inaweb.com.br\/modelo-velar\/sac-assessoria-de-imprensa\/\"]}]},{\"@type\":\"ImageObject\",\"inLanguage\":\"pt-BR\",\"@id\":\"https:\/\/projetos.inaweb.com.br\/modelo-velar\/sac-assessoria-de-imprensa\/#primaryimage\",\"url\":\"https:\/\/projetos.inaweb.com.br\/modelo-velar\/wp-content\/uploads\/2024\/04\/assessoria-de-imprensa-velar.jpg\",\"contentUrl\":\"https:\/\/projetos.inaweb.com.br\/modelo-velar\/wp-content\/uploads\/2024\/04\/assessoria-de-imprensa-velar.jpg\",\"width\":500,\"height\":500},{\"@type\":\"BreadcrumbList\",\"@id\":\"https:\/\/projetos.inaweb.com.br\/modelo-velar\/sac-assessoria-de-imprensa\/#breadcrumb\",\"itemListElement\":[{\"@type\":\"ListItem\",\"position\":1,\"name\":\"In\u00edcio\",\"item\":\"https:\/\/projetos.inaweb.com.br\/modelo-velar\/\"},{\"@type\":\"ListItem\",\"position\":2,\"name\":\"SAC \/ Assessoria de Imprensa\"}]},{\"@type\":\"WebSite\",\"@id\":\"https:\/\/projetos.inaweb.com.br\/modelo-velar\/#website\",\"url\":\"https:\/\/projetos.inaweb.com.br\/modelo-velar\/\",\"name\":\"Velar\",\"description\":\"\",\"potentialAction\":[{\"@type\":\"SearchAction\",\"target\":{\"@type\":\"EntryPoint\",\"urlTemplate\":\"https:\/\/projetos.inaweb.com.br\/modelo-velar\/?s={search_term_string}\"},\"query-input\":{\"@type\":\"PropertyValueSpecification\",\"valueRequired\":true,\"valueName\":\"search_term_string\"}}],\"inLanguage\":\"pt-BR\"}]}<\/script>\n<!-- \/ Yoast SEO plugin. -->","yoast_head_json":{"title":"SAC - Funer\u00e1ria Velar - Servi\u00e7os Funer\u00e1rios","description":"Funer\u00e1ria Velar - Assist\u00eancia com funeral completa: vel\u00f3rio e sepultamento. Entre em contato conosco! Atendimento 24 Horas!","robots":{"index":"noindex","follow":"follow","max-snippet":"max-snippet:-1","max-image-preview":"max-image-preview:large","max-video-preview":"max-video-preview:-1"},"og_locale":"pt_BR","og_type":"article","og_title":"SAC - Funer\u00e1ria Velar - Servi\u00e7os Funer\u00e1rios","og_description":"Funer\u00e1ria Velar - Assist\u00eancia com funeral completa: vel\u00f3rio e sepultamento. Entre em contato conosco! Atendimento 24 Horas!","og_url":"https:\/\/projetos.inaweb.com.br\/modelo-velar\/sac-assessoria-de-imprensa\/","og_site_name":"Velar","article_modified_time":"2024-09-04T16:26:18+00:00","og_image":[{"url":"https:\/\/projetos.inaweb.com.br\/modelo-velar\/wp-content\/uploads\/2024\/04\/assessoria-de-imprensa-velar.jpg","type":"","width":"","height":""}],"twitter_card":"summary_large_image","twitter_misc":{"Est. tempo de leitura":"1 minuto"},"schema":{"@context":"https:\/\/schema.org","@graph":[{"@type":"WebPage","@id":"https:\/\/projetos.inaweb.com.br\/modelo-velar\/sac-assessoria-de-imprensa\/","url":"https:\/\/projetos.inaweb.com.br\/modelo-velar\/sac-assessoria-de-imprensa\/","name":"SAC - Funer\u00e1ria Velar - Servi\u00e7os Funer\u00e1rios","isPartOf":{"@id":"https:\/\/projetos.inaweb.com.br\/modelo-velar\/#website"},"primaryImageOfPage":{"@id":"https:\/\/projetos.inaweb.com.br\/modelo-velar\/sac-assessoria-de-imprensa\/#primaryimage"},"image":{"@id":"https:\/\/projetos.inaweb.com.br\/modelo-velar\/sac-assessoria-de-imprensa\/#primaryimage"},"thumbnailUrl":"https:\/\/projetos.inaweb.com.br\/modelo-velar\/wp-content\/uploads\/2024\/04\/assessoria-de-imprensa-velar.jpg","datePublished":"2024-04-19T16:30:19+00:00","dateModified":"2024-09-04T16:26:18+00:00","description":"Funer\u00e1ria Velar - Assist\u00eancia com funeral completa: vel\u00f3rio e sepultamento. Entre em contato conosco! Atendimento 24 Horas!","breadcrumb":{"@id":"https:\/\/projetos.inaweb.com.br\/modelo-velar\/sac-assessoria-de-imprensa\/#breadcrumb"},"inLanguage":"pt-BR","potentialAction":[{"@type":"ReadAction","target":["https:\/\/projetos.inaweb.com.br\/modelo-velar\/sac-assessoria-de-imprensa\/"]}]},{"@type":"ImageObject","inLanguage":"pt-BR","@id":"https:\/\/projetos.inaweb.com.br\/modelo-velar\/sac-assessoria-de-imprensa\/#primaryimage","url":"https:\/\/projetos.inaweb.com.br\/modelo-velar\/wp-content\/uploads\/2024\/04\/assessoria-de-imprensa-velar.jpg","contentUrl":"https:\/\/projetos.inaweb.com.br\/modelo-velar\/wp-content\/uploads\/2024\/04\/assessoria-de-imprensa-velar.jpg","width":500,"height":500},{"@type":"BreadcrumbList","@id":"https:\/\/projetos.inaweb.com.br\/modelo-velar\/sac-assessoria-de-imprensa\/#breadcrumb","itemListElement":[{"@type":"ListItem","position":1,"name":"In\u00edcio","item":"https:\/\/projetos.inaweb.com.br\/modelo-velar\/"},{"@type":"ListItem","position":2,"name":"SAC \/ Assessoria de Imprensa"}]},{"@type":"WebSite","@id":"https:\/\/projetos.inaweb.com.br\/modelo-velar\/#website","url":"https:\/\/projetos.inaweb.com.br\/modelo-velar\/","name":"Velar","description":"","potentialAction":[{"@type":"SearchAction","target":{"@type":"EntryPoint","urlTemplate":"https:\/\/projetos.inaweb.com.br\/modelo-velar\/?s={search_term_string}"},"query-input":{"@type":"PropertyValueSpecification","valueRequired":true,"valueName":"search_term_string"}}],"inLanguage":"pt-BR"}]}},"_links":{"self":[{"href":"https:\/\/projetos.inaweb.com.br\/modelo-velar\/wp-json\/wp\/v2\/pages\/1153","targetHints":{"allow":["GET"]}}],"collection":[{"href":"https:\/\/projetos.inaweb.com.br\/modelo-velar\/wp-json\/wp\/v2\/pages"}],"about":[{"href":"https:\/\/projetos.inaweb.com.br\/modelo-velar\/wp-json\/wp\/v2\/types\/page"}],"author":[{"embeddable":true,"href":"https:\/\/projetos.inaweb.com.br\/modelo-velar\/wp-json\/wp\/v2\/users\/1"}],"replies":[{"embeddable":true,"href":"https:\/\/projetos.inaweb.com.br\/modelo-velar\/wp-json\/wp\/v2\/comments?post=1153"}],"version-history":[{"count":46,"href":"https:\/\/projetos.inaweb.com.br\/modelo-velar\/wp-json\/wp\/v2\/pages\/1153\/revisions"}],"predecessor-version":[{"id":1246,"href":"https:\/\/projetos.inaweb.com.br\/modelo-velar\/wp-json\/wp\/v2\/pages\/1153\/revisions\/1246"}],"wp:attachment":[{"href":"https:\/\/projetos.inaweb.com.br\/modelo-velar\/wp-json\/wp\/v2\/media?parent=1153"}],"curies":[{"name":"wp","href":"https:\/\/api.w.org\/{rel}","templated":true}]}}