{"id":1098,"date":"2024-04-18T16:53:43","date_gmt":"2024-04-18T19:53:43","guid":{"rendered":"https:\/\/www.inaweb.com.br\/velar-novo\/?page_id=1098"},"modified":"2024-09-04T13:23:03","modified_gmt":"2024-09-04T16:23:03","slug":"gratuidade","status":"publish","type":"page","link":"https:\/\/projetos.inaweb.com.br\/modelo-velar\/gratuidade\/","title":{"rendered":"Gratuidade"},"content":{"rendered":"\t\t<div data-elementor-type=\"wp-page\" data-elementor-id=\"1098\" class=\"elementor elementor-1098\" data-elementor-post-type=\"page\">\n\t\t\t\t<div class=\"elementor-element elementor-element-d85e888 e-flex e-con-boxed e-con e-parent\" data-id=\"d85e888\" data-element_type=\"container\" data-settings=\"{&quot;background_background&quot;:&quot;classic&quot;}\">\n\t\t\t\t\t<div class=\"e-con-inner\">\n\t\t\t\t<div class=\"elementor-element elementor-element-1388daf elementor-widget elementor-widget-heading\" data-id=\"1388daf\" data-element_type=\"widget\" data-widget_type=\"heading.default\">\n\t\t\t\t<div class=\"elementor-widget-container\">\n\t\t\t\t\t<h2 class=\"elementor-heading-title elementor-size-default\">INFORMA\u00c7\u00d5ES GERAIS AO P\u00daBLICO<\/h2>\t\t\t\t<\/div>\n\t\t\t\t<\/div>\n\t\t\t\t<div class=\"elementor-element elementor-element-40d200d elementor-icon-list--layout-traditional elementor-list-item-link-full_width elementor-widget elementor-widget-icon-list\" data-id=\"40d200d\" data-element_type=\"widget\" data-widget_type=\"icon-list.default\">\n\t\t\t\t<div class=\"elementor-widget-container\">\n\t\t\t\t\t\t\t<ul class=\"elementor-icon-list-items\">\n\t\t\t\t\t\t\t<li class=\"elementor-icon-list-item\">\n\t\t\t\t\t\t\t\t\t\t\t<span class=\"elementor-icon-list-icon\">\n\t\t\t\t\t\t\t<svg aria-hidden=\"true\" class=\"e-font-icon-svg e-fas-chevron-right\" viewBox=\"0 0 320 512\" xmlns=\"http:\/\/www.w3.org\/2000\/svg\"><path d=\"M285.476 272.971L91.132 467.314c-9.373 9.373-24.569 9.373-33.941 0l-22.667-22.667c-9.357-9.357-9.375-24.522-.04-33.901L188.505 256 34.484 101.255c-9.335-9.379-9.317-24.544.04-33.901l22.667-22.667c9.373-9.373 24.569-9.373 33.941 0L285.475 239.03c9.373 9.372 9.373 24.568.001 33.941z\"><\/path><\/svg>\t\t\t\t\t\t<\/span>\n\t\t\t\t\t\t\t\t\t\t<span class=\"elementor-icon-list-text\">A partir de 07 de mar\u00e7o de 2023, os servi\u00e7os cemiteriais, funer\u00e1rios e de crema\u00e7\u00e3o no Munic\u00edpio de S\u00e3o Paulo passaram a ser prestados por 4 (quatro) concession\u00e1rias delegat\u00e1rias.<\/span>\n\t\t\t\t\t\t\t\t\t<\/li>\n\t\t\t\t\t\t\t\t<li class=\"elementor-icon-list-item\">\n\t\t\t\t\t\t\t\t\t\t\t<span class=\"elementor-icon-list-icon\">\n\t\t\t\t\t\t\t<svg aria-hidden=\"true\" class=\"e-font-icon-svg e-fas-chevron-right\" viewBox=\"0 0 320 512\" xmlns=\"http:\/\/www.w3.org\/2000\/svg\"><path d=\"M285.476 272.971L91.132 467.314c-9.373 9.373-24.569 9.373-33.941 0l-22.667-22.667c-9.357-9.357-9.375-24.522-.04-33.901L188.505 256 34.484 101.255c-9.335-9.379-9.317-24.544.04-33.901l22.667-22.667c9.373-9.373 24.569-9.373 33.941 0L285.475 239.03c9.373 9.372 9.373 24.568.001 33.941z\"><\/path><\/svg>\t\t\t\t\t\t<\/span>\n\t\t\t\t\t\t\t\t\t\t<span class=\"elementor-icon-list-text\">A VELAR SP \u00e9 uma das 4 (quatro) \u00fanicas concession\u00e1rias delegat\u00e1rias autorizadas a prestar os servi\u00e7os cemiteriais, funer\u00e1rios e de crema\u00e7\u00e3o no Munic\u00edpio de S\u00e3o Paulo, para os \u00f3bitos e sepultamento ou crema\u00e7\u00e3o que ocorrerem em seu territ\u00f3rio.<\/span>\n\t\t\t\t\t\t\t\t\t<\/li>\n\t\t\t\t\t\t\t\t<li class=\"elementor-icon-list-item\">\n\t\t\t\t\t\t\t\t\t\t\t<span class=\"elementor-icon-list-icon\">\n\t\t\t\t\t\t\t<svg aria-hidden=\"true\" class=\"e-font-icon-svg e-fas-chevron-right\" viewBox=\"0 0 320 512\" xmlns=\"http:\/\/www.w3.org\/2000\/svg\"><path d=\"M285.476 272.971L91.132 467.314c-9.373 9.373-24.569 9.373-33.941 0l-22.667-22.667c-9.357-9.357-9.375-24.522-.04-33.901L188.505 256 34.484 101.255c-9.335-9.379-9.317-24.544.04-33.901l22.667-22.667c9.373-9.373 24.569-9.373 33.941 0L285.475 239.03c9.373 9.372 9.373 24.568.001 33.941z\"><\/path><\/svg>\t\t\t\t\t\t<\/span>\n\t\t\t\t\t\t\t\t\t\t<span class=\"elementor-icon-list-text\">Os usu\u00e1rios t\u00eam a liberdade de escolha entre uma das 4 (quatro) concession\u00e1rias delegat\u00e1rias, independentemente do local de \u00f3bito e sepultamento ou crema\u00e7\u00e3o no Munic\u00edpio de S\u00e3o Paulo e do local de contrata\u00e7\u00e3o.<\/span>\n\t\t\t\t\t\t\t\t\t<\/li>\n\t\t\t\t\t\t\t\t<li class=\"elementor-icon-list-item\">\n\t\t\t\t\t\t\t\t\t\t\t<span class=\"elementor-icon-list-icon\">\n\t\t\t\t\t\t\t<svg aria-hidden=\"true\" class=\"e-font-icon-svg e-fas-chevron-right\" viewBox=\"0 0 320 512\" xmlns=\"http:\/\/www.w3.org\/2000\/svg\"><path d=\"M285.476 272.971L91.132 467.314c-9.373 9.373-24.569 9.373-33.941 0l-22.667-22.667c-9.357-9.357-9.375-24.522-.04-33.901L188.505 256 34.484 101.255c-9.335-9.379-9.317-24.544.04-33.901l22.667-22.667c9.373-9.373 24.569-9.373 33.941 0L285.475 239.03c9.373 9.372 9.373 24.568.001 33.941z\"><\/path><\/svg>\t\t\t\t\t\t<\/span>\n\t\t\t\t\t\t\t\t\t\t<span class=\"elementor-icon-list-text\">Os usu\u00e1rios t\u00eam liberdade na contrata\u00e7\u00e3o dos servi\u00e7os cemiteriais e de crema\u00e7\u00e3o, sendo p\u00fablicos ou privados, independentemente da contrata\u00e7\u00e3o dos servi\u00e7os funer\u00e1rios da Velar SP.<\/span>\n\t\t\t\t\t\t\t\t\t<\/li>\n\t\t\t\t\t\t\t\t<li class=\"elementor-icon-list-item\">\n\t\t\t\t\t\t\t\t\t\t\t<span class=\"elementor-icon-list-icon\">\n\t\t\t\t\t\t\t<svg aria-hidden=\"true\" class=\"e-font-icon-svg e-fas-chevron-right\" viewBox=\"0 0 320 512\" xmlns=\"http:\/\/www.w3.org\/2000\/svg\"><path d=\"M285.476 272.971L91.132 467.314c-9.373 9.373-24.569 9.373-33.941 0l-22.667-22.667c-9.357-9.357-9.375-24.522-.04-33.901L188.505 256 34.484 101.255c-9.335-9.379-9.317-24.544.04-33.901l22.667-22.667c9.373-9.373 24.569-9.373 33.941 0L285.475 239.03c9.373 9.372 9.373 24.568.001 33.941z\"><\/path><\/svg>\t\t\t\t\t\t<\/span>\n\t\t\t\t\t\t\t\t\t\t<span class=\"elementor-icon-list-text\">Os usu\u00e1rios poder\u00e3o optar pelo pagamento do pre\u00e7o p\u00fablico relativo \u00e0 exuma\u00e7\u00e3o quando o servi\u00e7o for efetivamente executado, ou de forma antecipada, a seu exclusivo crit\u00e9rio.<\/span>\n\t\t\t\t\t\t\t\t\t<\/li>\n\t\t\t\t\t\t\t\t<li class=\"elementor-icon-list-item\">\n\t\t\t\t\t\t\t\t\t\t\t<span class=\"elementor-icon-list-icon\">\n\t\t\t\t\t\t\t<svg aria-hidden=\"true\" class=\"e-font-icon-svg e-fas-chevron-right\" viewBox=\"0 0 320 512\" xmlns=\"http:\/\/www.w3.org\/2000\/svg\"><path d=\"M285.476 272.971L91.132 467.314c-9.373 9.373-24.569 9.373-33.941 0l-22.667-22.667c-9.357-9.357-9.375-24.522-.04-33.901L188.505 256 34.484 101.255c-9.335-9.379-9.317-24.544.04-33.901l22.667-22.667c9.373-9.373 24.569-9.373 33.941 0L285.475 239.03c9.373 9.372 9.373 24.568.001 33.941z\"><\/path><\/svg>\t\t\t\t\t\t<\/span>\n\t\t\t\t\t\t\t\t\t\t<span class=\"elementor-icon-list-text\">Os adquirentes dos caix\u00f5es Social, Popular, Padr\u00e3o, Luxo, Israelita ou Viagem pagar\u00e3o os pre\u00e7os m\u00e1ximos dispostos nas Tabela 3 - Pre\u00e7os m\u00e1ximos por tipo de caix\u00e3o adulto e Tabela 4 - Pre\u00e7os m\u00e1ximos por tipo de caix\u00e3o infantil pelos produtos e servi\u00e7os previstos na Tabela 1 e Tabela 2, caso os produtos e servi\u00e7os sejam adquiridos em uma mesma ag\u00eancia funer\u00e1ria*.<\/span>\n\t\t\t\t\t\t\t\t\t<\/li>\n\t\t\t\t\t\t\t\t<li class=\"elementor-icon-list-item\">\n\t\t\t\t\t\t\t\t\t\t\t<span class=\"elementor-icon-list-icon\">\n\t\t\t\t\t\t\t<svg aria-hidden=\"true\" class=\"e-font-icon-svg e-fas-chevron-right\" viewBox=\"0 0 320 512\" xmlns=\"http:\/\/www.w3.org\/2000\/svg\"><path d=\"M285.476 272.971L91.132 467.314c-9.373 9.373-24.569 9.373-33.941 0l-22.667-22.667c-9.357-9.357-9.375-24.522-.04-33.901L188.505 256 34.484 101.255c-9.335-9.379-9.317-24.544.04-33.901l22.667-22.667c9.373-9.373 24.569-9.373 33.941 0L285.475 239.03c9.373 9.372 9.373 24.568.001 33.941z\"><\/path><\/svg>\t\t\t\t\t\t<\/span>\n\t\t\t\t\t\t\t\t\t\t<span class=\"elementor-icon-list-text\">As tarifas do aluguel de sala de vel\u00f3rio e\/ou do sepultamento ou inuma\u00e7\u00e3o dever\u00e3o respeitar os valores globais m\u00e1ximos previstos na Tabela 3 e Tabela 4, mesmo se adquiridos em cemit\u00e9rio p\u00fablico ou ag\u00eancia funer\u00e1ria distintos.<\/span>\n\t\t\t\t\t\t\t\t\t<\/li>\n\t\t\t\t\t\t\t\t<li class=\"elementor-icon-list-item\">\n\t\t\t\t\t\t\t\t\t\t\t<span class=\"elementor-icon-list-icon\">\n\t\t\t\t\t\t\t<svg aria-hidden=\"true\" class=\"e-font-icon-svg e-fas-chevron-right\" viewBox=\"0 0 320 512\" xmlns=\"http:\/\/www.w3.org\/2000\/svg\"><path d=\"M285.476 272.971L91.132 467.314c-9.373 9.373-24.569 9.373-33.941 0l-22.667-22.667c-9.357-9.357-9.375-24.522-.04-33.901L188.505 256 34.484 101.255c-9.335-9.379-9.317-24.544.04-33.901l22.667-22.667c9.373-9.373 24.569-9.373 33.941 0L285.475 239.03c9.373 9.372 9.373 24.568.001 33.941z\"><\/path><\/svg>\t\t\t\t\t\t<\/span>\n\t\t\t\t\t\t\t\t\t\t<span class=\"elementor-icon-list-text\">Os usu\u00e1rios t\u00eam liberdade para a contrata\u00e7\u00e3o dos servi\u00e7os cemiteriais independente da contrata\u00e7\u00e3o da exuma\u00e7\u00e3o.<\/span>\n\t\t\t\t\t\t\t\t\t<\/li>\n\t\t\t\t\t\t\t\t<li class=\"elementor-icon-list-item\">\n\t\t\t\t\t\t\t\t\t\t\t<span class=\"elementor-icon-list-icon\">\n\t\t\t\t\t\t\t<svg aria-hidden=\"true\" class=\"e-font-icon-svg e-fas-chevron-right\" viewBox=\"0 0 320 512\" xmlns=\"http:\/\/www.w3.org\/2000\/svg\"><path d=\"M285.476 272.971L91.132 467.314c-9.373 9.373-24.569 9.373-33.941 0l-22.667-22.667c-9.357-9.357-9.375-24.522-.04-33.901L188.505 256 34.484 101.255c-9.335-9.379-9.317-24.544.04-33.901l22.667-22.667c9.373-9.373 24.569-9.373 33.941 0L285.475 239.03c9.373 9.372 9.373 24.568.001 33.941z\"><\/path><\/svg>\t\t\t\t\t\t<\/span>\n\t\t\t\t\t\t\t\t\t\t<span class=\"elementor-icon-list-text\">Os usu\u00e1rios t\u00eam liberdade para contrata\u00e7\u00e3o de construtores, empreiteiros e jardineiros, sendo-lhes garantido que a Concession\u00e1ria n\u00e3o intervir\u00e1 nos contratos de constru\u00e7\u00e3o funer\u00e1ria e pequenas obras celebrados com os prestadores de servi\u00e7os, nos termos do Decreto Municipal n.\u00b0 59.196\/2020.<\/span>\n\t\t\t\t\t\t\t\t\t<\/li>\n\t\t\t\t\t\t<\/ul>\n\t\t\t\t\t\t<\/div>\n\t\t\t\t<\/div>\n\t\t\t\t<div class=\"elementor-element elementor-element-fd65e61 elementor-widget elementor-widget-heading\" data-id=\"fd65e61\" data-element_type=\"widget\" data-widget_type=\"heading.default\">\n\t\t\t\t<div class=\"elementor-widget-container\">\n\t\t\t\t\t<h2 class=\"elementor-heading-title elementor-size-default\">*Em caso de d\u00favidas a respeito das tarifas, procure um de nossos agentes para maiores informa\u00e7\u00f5es<\/h2>\t\t\t\t<\/div>\n\t\t\t\t<\/div>\n\t\t\t\t\t<\/div>\n\t\t\t\t<\/div>\n\t\t<div class=\"elementor-element elementor-element-f1de5f8 e-flex e-con-boxed e-con e-parent\" data-id=\"f1de5f8\" data-element_type=\"container\">\n\t\t\t\t\t<div class=\"e-con-inner\">\n\t\t\t\t<div class=\"elementor-element elementor-element-f6bce9d elementor-widget elementor-widget-heading\" data-id=\"f6bce9d\" data-element_type=\"widget\" data-widget_type=\"heading.default\">\n\t\t\t\t<div class=\"elementor-widget-container\">\n\t\t\t\t\t<h2 class=\"elementor-heading-title elementor-size-default\">ISEN\u00c7\u00c3O DE DESPESAS FUNER\u00c1RIAS E CEMITERIAIS<\/h2>\t\t\t\t<\/div>\n\t\t\t\t<\/div>\n\t\t\t\t<div class=\"elementor-element elementor-element-56fb412 elementor-widget__width-initial elementor-widget elementor-widget-heading\" data-id=\"56fb412\" data-element_type=\"widget\" data-widget_type=\"heading.default\">\n\t\t\t\t<div class=\"elementor-widget-container\">\n\t\t\t\t\t<h2 class=\"elementor-heading-title elementor-size-default\">Ser\u00e3o dispensados do pagamento das tarifas devidas em raz\u00e3o de funeral, sepultamento, exuma\u00e7\u00e3o, inclusive ter\u00e3o direito ao Programa de Crema\u00e7\u00e3o Social:<\/h2>\t\t\t\t<\/div>\n\t\t\t\t<\/div>\n\t\t<div class=\"elementor-element elementor-element-b2efeef e-flex e-con-boxed e-con e-child\" data-id=\"b2efeef\" data-element_type=\"container\">\n\t\t\t\t\t<div class=\"e-con-inner\">\n\t\t<a class=\"elementor-element elementor-element-57fbf66 e-flex e-con-boxed e-con e-child\" data-id=\"57fbf66\" data-element_type=\"container\" data-settings=\"{&quot;background_background&quot;:&quot;classic&quot;}\" href=\"https:\/\/projetos.inaweb.com.br\/modelo-velar\/gratuidade\/gratuidade-hipossuficientes\/\">\n\t\t\t\t\t<div class=\"e-con-inner\">\n\t\t\t\t<div class=\"elementor-element elementor-element-3bf37cb elementor-view-default elementor-position-top elementor-mobile-position-top elementor-widget elementor-widget-icon-box\" data-id=\"3bf37cb\" data-element_type=\"widget\" data-widget_type=\"icon-box.default\">\n\t\t\t\t<div class=\"elementor-widget-container\">\n\t\t\t\t\t\t\t<div class=\"elementor-icon-box-wrapper\">\n\n\t\t\t\t\t\t<div class=\"elementor-icon-box-icon\">\n\t\t\t\t<span  class=\"elementor-icon\">\n\t\t\t\t<svg aria-hidden=\"true\" class=\"e-font-icon-svg e-fas-arrow-circle-right\" viewBox=\"0 0 512 512\" xmlns=\"http:\/\/www.w3.org\/2000\/svg\"><path d=\"M256 8c137 0 248 111 248 248S393 504 256 504 8 393 8 256 119 8 256 8zm-28.9 143.6l75.5 72.4H120c-13.3 0-24 10.7-24 24v16c0 13.3 10.7 24 24 24h182.6l-75.5 72.4c-9.7 9.3-9.9 24.8-.4 34.3l11 10.9c9.4 9.4 24.6 9.4 33.9 0L404.3 273c9.4-9.4 9.4-24.6 0-33.9L271.6 106.3c-9.4-9.4-24.6-9.4-33.9 0l-11 10.9c-9.5 9.6-9.3 25.1.4 34.4z\"><\/path><\/svg>\t\t\t\t<\/span>\n\t\t\t<\/div>\n\t\t\t\n\t\t\t\t\t\t<div class=\"elementor-icon-box-content\">\n\n\t\t\t\t\t\t\t\t\t<span class=\"elementor-icon-box-title\">\n\t\t\t\t\t\t<span  >\n\t\t\t\t\t\t\t Gratuidade Hipossuficientes\t\t\t\t\t\t<\/span>\n\t\t\t\t\t<\/span>\n\t\t\t\t\n\t\t\t\t\n\t\t\t<\/div>\n\t\t\t\n\t\t<\/div>\n\t\t\t\t\t\t<\/div>\n\t\t\t\t<\/div>\n\t\t\t\t\t<\/div>\n\t\t\t\t<\/a>\n\t\t<a class=\"elementor-element elementor-element-0a956e9 e-flex e-con-boxed e-con e-child\" data-id=\"0a956e9\" data-element_type=\"container\" data-settings=\"{&quot;background_background&quot;:&quot;classic&quot;}\" href=\"https:\/\/projetos.inaweb.com.br\/modelo-velar\/gratuidade\/gratuidade-doadores-de-orgaos\/\">\n\t\t\t\t\t<div class=\"e-con-inner\">\n\t\t\t\t<div class=\"elementor-element elementor-element-06f62e0 elementor-view-default elementor-position-top elementor-mobile-position-top elementor-widget elementor-widget-icon-box\" data-id=\"06f62e0\" data-element_type=\"widget\" data-widget_type=\"icon-box.default\">\n\t\t\t\t<div class=\"elementor-widget-container\">\n\t\t\t\t\t\t\t<div class=\"elementor-icon-box-wrapper\">\n\n\t\t\t\t\t\t<div class=\"elementor-icon-box-icon\">\n\t\t\t\t<span  class=\"elementor-icon\">\n\t\t\t\t<svg aria-hidden=\"true\" class=\"e-font-icon-svg e-fas-arrow-circle-right\" viewBox=\"0 0 512 512\" xmlns=\"http:\/\/www.w3.org\/2000\/svg\"><path d=\"M256 8c137 0 248 111 248 248S393 504 256 504 8 393 8 256 119 8 256 8zm-28.9 143.6l75.5 72.4H120c-13.3 0-24 10.7-24 24v16c0 13.3 10.7 24 24 24h182.6l-75.5 72.4c-9.7 9.3-9.9 24.8-.4 34.3l11 10.9c9.4 9.4 24.6 9.4 33.9 0L404.3 273c9.4-9.4 9.4-24.6 0-33.9L271.6 106.3c-9.4-9.4-24.6-9.4-33.9 0l-11 10.9c-9.5 9.6-9.3 25.1.4 34.4z\"><\/path><\/svg>\t\t\t\t<\/span>\n\t\t\t<\/div>\n\t\t\t\n\t\t\t\t\t\t<div class=\"elementor-icon-box-content\">\n\n\t\t\t\t\t\t\t\t\t<span class=\"elementor-icon-box-title\">\n\t\t\t\t\t\t<span  >\n\t\t\t\t\t\t\tGratuidade Doadores de Org\u00e3os\t\t\t\t\t\t<\/span>\n\t\t\t\t\t<\/span>\n\t\t\t\t\n\t\t\t\t\n\t\t\t<\/div>\n\t\t\t\n\t\t<\/div>\n\t\t\t\t\t\t<\/div>\n\t\t\t\t<\/div>\n\t\t\t\t\t<\/div>\n\t\t\t\t<\/a>\n\t\t\t\t\t<\/div>\n\t\t\t\t<\/div>\n\t\t\t\t\t<\/div>\n\t\t\t\t<\/div>\n\t\t\t\t<\/div>\n\t\t","protected":false},"excerpt":{"rendered":"<p>INFORMA\u00c7\u00d5ES GERAIS AO P\u00daBLICO A partir de 07 de mar\u00e7o de 2023, os servi\u00e7os cemiteriais, funer\u00e1rios e de crema\u00e7\u00e3o no Munic\u00edpio de S\u00e3o Paulo passaram a ser prestados por 4 (quatro) concession\u00e1rias delegat\u00e1rias. A VELAR SP \u00e9 uma das 4 (quatro) \u00fanicas concession\u00e1rias delegat\u00e1rias autorizadas a prestar os servi\u00e7os cemiteriais, funer\u00e1rios e de crema\u00e7\u00e3o no [&hellip;]<\/p>\n","protected":false},"author":1,"featured_media":0,"parent":0,"menu_order":0,"comment_status":"closed","ping_status":"closed","template":"elementor_header_footer","meta":{"footnotes":""},"class_list":["post-1098","page","type-page","status-publish","hentry"],"yoast_head":"<!-- This site is optimized with the Yoast SEO plugin v26.5 - https:\/\/yoast.com\/wordpress\/plugins\/seo\/ -->\n<title>Gratuidade - Funer\u00e1ria Velar - Servi\u00e7os Funer\u00e1rios<\/title>\n<meta name=\"description\" content=\"Funer\u00e1ria Velar - Assist\u00eancia com funeral completa: vel\u00f3rio e sepultamento. Entre em contato conosco! Atendimento 24 Horas!\" \/>\n<meta name=\"robots\" content=\"noindex, follow, max-snippet:-1, max-image-preview:large, max-video-preview:-1\" \/>\n<meta property=\"og:locale\" content=\"pt_BR\" \/>\n<meta property=\"og:type\" content=\"article\" \/>\n<meta property=\"og:title\" content=\"Gratuidade - Funer\u00e1ria Velar - Servi\u00e7os Funer\u00e1rios\" \/>\n<meta property=\"og:description\" content=\"Funer\u00e1ria Velar - Assist\u00eancia com funeral completa: vel\u00f3rio e sepultamento. Entre em contato conosco! Atendimento 24 Horas!\" \/>\n<meta property=\"og:url\" content=\"https:\/\/projetos.inaweb.com.br\/modelo-velar\/gratuidade\/\" \/>\n<meta property=\"og:site_name\" content=\"Velar\" \/>\n<meta property=\"article:modified_time\" content=\"2024-09-04T16:23:03+00:00\" \/>\n<meta name=\"twitter:card\" content=\"summary_large_image\" \/>\n<meta name=\"twitter:label1\" content=\"Est. tempo de leitura\" \/>\n\t<meta name=\"twitter:data1\" content=\"2 minutos\" \/>\n<script type=\"application\/ld+json\" class=\"yoast-schema-graph\">{\"@context\":\"https:\/\/schema.org\",\"@graph\":[{\"@type\":\"WebPage\",\"@id\":\"https:\/\/projetos.inaweb.com.br\/modelo-velar\/gratuidade\/\",\"url\":\"https:\/\/projetos.inaweb.com.br\/modelo-velar\/gratuidade\/\",\"name\":\"Gratuidade - Funer\u00e1ria Velar - Servi\u00e7os Funer\u00e1rios\",\"isPartOf\":{\"@id\":\"https:\/\/projetos.inaweb.com.br\/modelo-velar\/#website\"},\"datePublished\":\"2024-04-18T19:53:43+00:00\",\"dateModified\":\"2024-09-04T16:23:03+00:00\",\"description\":\"Funer\u00e1ria Velar - Assist\u00eancia com funeral completa: vel\u00f3rio e sepultamento. Entre em contato conosco! Atendimento 24 Horas!\",\"breadcrumb\":{\"@id\":\"https:\/\/projetos.inaweb.com.br\/modelo-velar\/gratuidade\/#breadcrumb\"},\"inLanguage\":\"pt-BR\",\"potentialAction\":[{\"@type\":\"ReadAction\",\"target\":[\"https:\/\/projetos.inaweb.com.br\/modelo-velar\/gratuidade\/\"]}]},{\"@type\":\"BreadcrumbList\",\"@id\":\"https:\/\/projetos.inaweb.com.br\/modelo-velar\/gratuidade\/#breadcrumb\",\"itemListElement\":[{\"@type\":\"ListItem\",\"position\":1,\"name\":\"In\u00edcio\",\"item\":\"https:\/\/projetos.inaweb.com.br\/modelo-velar\/\"},{\"@type\":\"ListItem\",\"position\":2,\"name\":\"Gratuidade\"}]},{\"@type\":\"WebSite\",\"@id\":\"https:\/\/projetos.inaweb.com.br\/modelo-velar\/#website\",\"url\":\"https:\/\/projetos.inaweb.com.br\/modelo-velar\/\",\"name\":\"Velar\",\"description\":\"\",\"potentialAction\":[{\"@type\":\"SearchAction\",\"target\":{\"@type\":\"EntryPoint\",\"urlTemplate\":\"https:\/\/projetos.inaweb.com.br\/modelo-velar\/?s={search_term_string}\"},\"query-input\":{\"@type\":\"PropertyValueSpecification\",\"valueRequired\":true,\"valueName\":\"search_term_string\"}}],\"inLanguage\":\"pt-BR\"}]}<\/script>\n<!-- \/ Yoast SEO plugin. -->","yoast_head_json":{"title":"Gratuidade - Funer\u00e1ria Velar - Servi\u00e7os Funer\u00e1rios","description":"Funer\u00e1ria Velar - Assist\u00eancia com funeral completa: vel\u00f3rio e sepultamento. Entre em contato conosco! Atendimento 24 Horas!","robots":{"index":"noindex","follow":"follow","max-snippet":"max-snippet:-1","max-image-preview":"max-image-preview:large","max-video-preview":"max-video-preview:-1"},"og_locale":"pt_BR","og_type":"article","og_title":"Gratuidade - Funer\u00e1ria Velar - Servi\u00e7os Funer\u00e1rios","og_description":"Funer\u00e1ria Velar - Assist\u00eancia com funeral completa: vel\u00f3rio e sepultamento. Entre em contato conosco! Atendimento 24 Horas!","og_url":"https:\/\/projetos.inaweb.com.br\/modelo-velar\/gratuidade\/","og_site_name":"Velar","article_modified_time":"2024-09-04T16:23:03+00:00","twitter_card":"summary_large_image","twitter_misc":{"Est. tempo de leitura":"2 minutos"},"schema":{"@context":"https:\/\/schema.org","@graph":[{"@type":"WebPage","@id":"https:\/\/projetos.inaweb.com.br\/modelo-velar\/gratuidade\/","url":"https:\/\/projetos.inaweb.com.br\/modelo-velar\/gratuidade\/","name":"Gratuidade - Funer\u00e1ria Velar - Servi\u00e7os Funer\u00e1rios","isPartOf":{"@id":"https:\/\/projetos.inaweb.com.br\/modelo-velar\/#website"},"datePublished":"2024-04-18T19:53:43+00:00","dateModified":"2024-09-04T16:23:03+00:00","description":"Funer\u00e1ria Velar - Assist\u00eancia com funeral completa: vel\u00f3rio e sepultamento. Entre em contato conosco! Atendimento 24 Horas!","breadcrumb":{"@id":"https:\/\/projetos.inaweb.com.br\/modelo-velar\/gratuidade\/#breadcrumb"},"inLanguage":"pt-BR","potentialAction":[{"@type":"ReadAction","target":["https:\/\/projetos.inaweb.com.br\/modelo-velar\/gratuidade\/"]}]},{"@type":"BreadcrumbList","@id":"https:\/\/projetos.inaweb.com.br\/modelo-velar\/gratuidade\/#breadcrumb","itemListElement":[{"@type":"ListItem","position":1,"name":"In\u00edcio","item":"https:\/\/projetos.inaweb.com.br\/modelo-velar\/"},{"@type":"ListItem","position":2,"name":"Gratuidade"}]},{"@type":"WebSite","@id":"https:\/\/projetos.inaweb.com.br\/modelo-velar\/#website","url":"https:\/\/projetos.inaweb.com.br\/modelo-velar\/","name":"Velar","description":"","potentialAction":[{"@type":"SearchAction","target":{"@type":"EntryPoint","urlTemplate":"https:\/\/projetos.inaweb.com.br\/modelo-velar\/?s={search_term_string}"},"query-input":{"@type":"PropertyValueSpecification","valueRequired":true,"valueName":"search_term_string"}}],"inLanguage":"pt-BR"}]}},"_links":{"self":[{"href":"https:\/\/projetos.inaweb.com.br\/modelo-velar\/wp-json\/wp\/v2\/pages\/1098","targetHints":{"allow":["GET"]}}],"collection":[{"href":"https:\/\/projetos.inaweb.com.br\/modelo-velar\/wp-json\/wp\/v2\/pages"}],"about":[{"href":"https:\/\/projetos.inaweb.com.br\/modelo-velar\/wp-json\/wp\/v2\/types\/page"}],"author":[{"embeddable":true,"href":"https:\/\/projetos.inaweb.com.br\/modelo-velar\/wp-json\/wp\/v2\/users\/1"}],"replies":[{"embeddable":true,"href":"https:\/\/projetos.inaweb.com.br\/modelo-velar\/wp-json\/wp\/v2\/comments?post=1098"}],"version-history":[{"count":31,"href":"https:\/\/projetos.inaweb.com.br\/modelo-velar\/wp-json\/wp\/v2\/pages\/1098\/revisions"}],"predecessor-version":[{"id":1269,"href":"https:\/\/projetos.inaweb.com.br\/modelo-velar\/wp-json\/wp\/v2\/pages\/1098\/revisions\/1269"}],"wp:attachment":[{"href":"https:\/\/projetos.inaweb.com.br\/modelo-velar\/wp-json\/wp\/v2\/media?parent=1098"}],"curies":[{"name":"wp","href":"https:\/\/api.w.org\/{rel}","templated":true}]}}